{"id":40397,"date":"2023-12-02T02:54:16","date_gmt":"2023-12-02T02:54:16","guid":{"rendered":"https:\/\/yatezzitos.com\/?page_id=40397"},"modified":"2023-12-02T06:05:28","modified_gmt":"2023-12-02T06:05:28","slug":"colaboraciones","status":"publish","type":"page","link":"https:\/\/yatezzitos.com\/es\/colaboraciones\/","title":{"rendered":"Colaboraciones"},"content":{"rendered":"\t\t<div data-elementor-type=\"wp-page\" data-elementor-id=\"40397\" class=\"elementor elementor-40397\" data-elementor-post-type=\"page\">\n\t\t\t\t<div class=\"elementor-element elementor-element-10d8367 e-flex e-con-boxed e-con e-parent\" data-id=\"10d8367\" data-element_type=\"container\" data-e-type=\"container\" data-settings=\"{&quot;background_background&quot;:&quot;classic&quot;}\">\n\t\t\t\t\t<div class=\"e-con-inner\">\n\t\t<div class=\"elementor-element elementor-element-14f280c9 e-grid e-con-boxed e-con e-child\" data-id=\"14f280c9\" data-element_type=\"container\" data-e-type=\"container\">\n\t\t\t\t\t<div class=\"e-con-inner\">\n\t\t<div class=\"elementor-element elementor-element-7e7827a1 e-flex e-con-boxed e-con e-child\" data-id=\"7e7827a1\" data-element_type=\"container\" data-e-type=\"container\">\n\t\t\t\t\t<div class=\"e-con-inner\">\n\t\t\t\t<div class=\"elementor-element elementor-element-1e2a71cc elementor-widget elementor-widget-text-editor\" data-id=\"1e2a71cc\" data-element_type=\"widget\" data-e-type=\"widget\" data-widget_type=\"text-editor.default\">\n\t\t\t\t<div class=\"elementor-widget-container\">\n\t\t\t\t\t\t\t\t\t<p>Accede a experiencias exclusivas y lujosas en yates.<\/p>\t\t\t\t\t\t\t\t<\/div>\n\t\t\t\t<\/div>\n\t\t\t\t<div class=\"elementor-element elementor-element-756188c elementor-widget elementor-widget-heading\" data-id=\"756188c\" data-element_type=\"widget\" data-e-type=\"widget\" data-widget_type=\"heading.default\">\n\t\t\t\t<div class=\"elementor-widget-container\">\n\t\t\t\t\t<h2 class=\"elementor-heading-title elementor-size-default\"><a href=\"#elementor-action%3Aaction%3Dpopup%3Aopen%26settings%3DeyJpZCI6IjQwNDMxIiwidG9nZ2xlIjpmYWxzZX0%3D\">\u00bfQue es un creador UGC y como participar? <\/a><\/h2>\t\t\t\t<\/div>\n\t\t\t\t<\/div>\n\t\t\t\t\t<\/div>\n\t\t\t\t<\/div>\n\t\t\t\t<div class=\"elementor-element elementor-element-458fda5d elementor-widget elementor-widget-image\" data-id=\"458fda5d\" data-element_type=\"widget\" data-e-type=\"widget\" data-widget_type=\"image.default\">\n\t\t\t\t<div class=\"elementor-widget-container\">\n\t\t\t\t\t\t\t\t\t\t\t\t\t\t\t<img decoding=\"async\" width=\"150\" height=\"150\" src=\"https:\/\/yatezzitos.com\/wp-content\/uploads\/2023\/12\/Relaxing-on-The-Beach.svg\" class=\"attachment-thumbnail size-thumbnail wp-image-40409\" alt=\"\" \/>\t\t\t\t\t\t\t\t\t\t\t\t\t\t\t<\/div>\n\t\t\t\t<\/div>\n\t\t\t\t\t<\/div>\n\t\t\t\t<\/div>\n\t\t\t\t\t<\/div>\n\t\t\t\t<\/div>\n\t\t<div class=\"elementor-element elementor-element-50afa966 e-flex e-con-boxed e-con e-parent\" data-id=\"50afa966\" data-element_type=\"container\" data-e-type=\"container\">\n\t\t\t\t\t<div class=\"e-con-inner\">\n\t\t<div class=\"elementor-element elementor-element-5f11495a e-con-full e-flex e-con e-child\" data-id=\"5f11495a\" data-element_type=\"container\" data-e-type=\"container\">\n\t\t<div class=\"elementor-element elementor-element-6d87d719 e-con-full e-flex e-con e-child\" data-id=\"6d87d719\" data-element_type=\"container\" data-e-type=\"container\">\n\t\t\t\t<div class=\"elementor-element elementor-element-38afd15c elementor-widget elementor-widget-image\" data-id=\"38afd15c\" data-element_type=\"widget\" data-e-type=\"widget\" data-widget_type=\"image.default\">\n\t\t\t\t<div class=\"elementor-widget-container\">\n\t\t\t\t\t\t\t\t\t\t\t\t\t\t\t<img decoding=\"async\" width=\"1024\" height=\"1024\" src=\"https:\/\/yatezzitos.com\/wp-content\/uploads\/2023\/12\/Excllusive-yachts.webp\" class=\"attachment-large size-large wp-image-40364\" alt=\"\" srcset=\"https:\/\/yatezzitos.com\/wp-content\/uploads\/2023\/12\/Excllusive-yachts.webp 1080w, https:\/\/yatezzitos.com\/wp-content\/uploads\/2023\/12\/Excllusive-yachts-12x12.webp 12w, https:\/\/yatezzitos.com\/wp-content\/uploads\/2023\/12\/Excllusive-yachts-360x360.webp 360w, https:\/\/yatezzitos.com\/wp-content\/uploads\/2023\/12\/Excllusive-yachts-780x780.webp 780w\" sizes=\"(max-width: 1024px) 100vw, 1024px\" \/>\t\t\t\t\t\t\t\t\t\t\t\t\t\t\t<\/div>\n\t\t\t\t<\/div>\n\t\t\t\t<div class=\"elementor-element elementor-element-1600675e elementor-widget elementor-widget-image\" data-id=\"1600675e\" data-element_type=\"widget\" data-e-type=\"widget\" data-widget_type=\"image.default\">\n\t\t\t\t<div class=\"elementor-widget-container\">\n\t\t\t\t\t\t\t\t\t\t\t\t\t\t\t<img decoding=\"async\" width=\"1024\" height=\"1024\" src=\"https:\/\/yatezzitos.com\/wp-content\/uploads\/2023\/12\/Renta-de-yates-en-Mazatlan_-Puerto-Vallarta_-Cancun_-Los-Cabos_-La-Paz-7.webp\" class=\"attachment-large size-large wp-image-40371\" alt=\"\" srcset=\"https:\/\/yatezzitos.com\/wp-content\/uploads\/2023\/12\/Renta-de-yates-en-Mazatlan_-Puerto-Vallarta_-Cancun_-Los-Cabos_-La-Paz-7.webp 1080w, https:\/\/yatezzitos.com\/wp-content\/uploads\/2023\/12\/Renta-de-yates-en-Mazatlan_-Puerto-Vallarta_-Cancun_-Los-Cabos_-La-Paz-7-12x12.webp 12w, https:\/\/yatezzitos.com\/wp-content\/uploads\/2023\/12\/Renta-de-yates-en-Mazatlan_-Puerto-Vallarta_-Cancun_-Los-Cabos_-La-Paz-7-360x360.webp 360w, https:\/\/yatezzitos.com\/wp-content\/uploads\/2023\/12\/Renta-de-yates-en-Mazatlan_-Puerto-Vallarta_-Cancun_-Los-Cabos_-La-Paz-7-780x780.webp 780w\" sizes=\"(max-width: 1024px) 100vw, 1024px\" \/>\t\t\t\t\t\t\t\t\t\t\t\t\t\t\t<\/div>\n\t\t\t\t<\/div>\n\t\t\t\t<\/div>\n\t\t<div class=\"elementor-element elementor-element-28a689c7 e-con-full e-flex e-con e-child\" data-id=\"28a689c7\" data-element_type=\"container\" data-e-type=\"container\">\n\t\t\t\t<div class=\"elementor-element elementor-element-38c92ea8 elementor-widget elementor-widget-image\" data-id=\"38c92ea8\" data-element_type=\"widget\" data-e-type=\"widget\" data-widget_type=\"image.default\">\n\t\t\t\t<div class=\"elementor-widget-container\">\n\t\t\t\t\t\t\t\t\t\t\t\t\t\t\t<img decoding=\"async\" width=\"1024\" height=\"1024\" src=\"https:\/\/yatezzitos.com\/wp-content\/uploads\/2023\/12\/Renta-de-yates-en-Mazatlan_-Puerto-Vallarta_-Cancun_-Los-Cabos_-La-Paz-1.webp\" class=\"attachment-large size-large wp-image-40365\" alt=\"\" srcset=\"https:\/\/yatezzitos.com\/wp-content\/uploads\/2023\/12\/Renta-de-yates-en-Mazatlan_-Puerto-Vallarta_-Cancun_-Los-Cabos_-La-Paz-1.webp 1080w, https:\/\/yatezzitos.com\/wp-content\/uploads\/2023\/12\/Renta-de-yates-en-Mazatlan_-Puerto-Vallarta_-Cancun_-Los-Cabos_-La-Paz-1-12x12.webp 12w, https:\/\/yatezzitos.com\/wp-content\/uploads\/2023\/12\/Renta-de-yates-en-Mazatlan_-Puerto-Vallarta_-Cancun_-Los-Cabos_-La-Paz-1-360x360.webp 360w, https:\/\/yatezzitos.com\/wp-content\/uploads\/2023\/12\/Renta-de-yates-en-Mazatlan_-Puerto-Vallarta_-Cancun_-Los-Cabos_-La-Paz-1-780x780.webp 780w\" sizes=\"(max-width: 1024px) 100vw, 1024px\" \/>\t\t\t\t\t\t\t\t\t\t\t\t\t\t\t<\/div>\n\t\t\t\t<\/div>\n\t\t\t\t<div class=\"elementor-element elementor-element-6ef0df5 elementor-widget elementor-widget-image\" data-id=\"6ef0df5\" data-element_type=\"widget\" data-e-type=\"widget\" data-widget_type=\"image.default\">\n\t\t\t\t<div class=\"elementor-widget-container\">\n\t\t\t\t\t\t\t\t\t\t\t\t\t\t\t<img decoding=\"async\" width=\"1024\" height=\"1024\" src=\"https:\/\/yatezzitos.com\/wp-content\/uploads\/2023\/12\/Renta-de-yates-en-Mazatlan_-Puerto-Vallarta_-Cancun_-Los-Cabos_-La-Paz-11.webp\" class=\"attachment-large size-large wp-image-40375\" alt=\"\" srcset=\"https:\/\/yatezzitos.com\/wp-content\/uploads\/2023\/12\/Renta-de-yates-en-Mazatlan_-Puerto-Vallarta_-Cancun_-Los-Cabos_-La-Paz-11.webp 1080w, https:\/\/yatezzitos.com\/wp-content\/uploads\/2023\/12\/Renta-de-yates-en-Mazatlan_-Puerto-Vallarta_-Cancun_-Los-Cabos_-La-Paz-11-12x12.webp 12w, https:\/\/yatezzitos.com\/wp-content\/uploads\/2023\/12\/Renta-de-yates-en-Mazatlan_-Puerto-Vallarta_-Cancun_-Los-Cabos_-La-Paz-11-360x360.webp 360w, https:\/\/yatezzitos.com\/wp-content\/uploads\/2023\/12\/Renta-de-yates-en-Mazatlan_-Puerto-Vallarta_-Cancun_-Los-Cabos_-La-Paz-11-780x780.webp 780w\" sizes=\"(max-width: 1024px) 100vw, 1024px\" \/>\t\t\t\t\t\t\t\t\t\t\t\t\t\t\t<\/div>\n\t\t\t\t<\/div>\n\t\t\t\t<\/div>\n\t\t\t\t<\/div>\n\t\t<div class=\"elementor-element elementor-element-3bc2833f e-con-full e-flex e-con e-child\" data-id=\"3bc2833f\" data-element_type=\"container\" data-e-type=\"container\">\n\t\t\t\t<div class=\"elementor-element elementor-element-58f8c94f elementor-widget elementor-widget-heading\" data-id=\"58f8c94f\" data-element_type=\"widget\" data-e-type=\"widget\" data-widget_type=\"heading.default\">\n\t\t\t\t<div class=\"elementor-widget-container\">\n\t\t\t\t\t<h1 class=\"elementor-heading-title elementor-size-default\">Tu visi\u00f3n, nuestra aventura.<\/h1>\t\t\t\t<\/div>\n\t\t\t\t<\/div>\n\t\t\t\t<div class=\"elementor-element elementor-element-82b3c90 elementor-widget elementor-widget-text-editor\" data-id=\"82b3c90\" data-element_type=\"widget\" data-e-type=\"widget\" data-widget_type=\"text-editor.default\">\n\t\t\t\t<div class=\"elementor-widget-container\">\n\t\t\t\t\t\t\t\t\t<p>\u00danete a nosotros para narrar historias inolvidables en el mar.<\/p>\t\t\t\t\t\t\t\t<\/div>\n\t\t\t\t<\/div>\n\t\t\t\t<div class=\"elementor-element elementor-element-b9902f6 elementor-widget elementor-widget-heading\" data-id=\"b9902f6\" data-element_type=\"widget\" data-e-type=\"widget\" data-widget_type=\"heading.default\">\n\t\t\t\t<div class=\"elementor-widget-container\">\n\t\t\t\t\t<h2 class=\"elementor-heading-title elementor-size-default\"><a href=\"#elementor-action%3Aaction%3Dpopup%3Aopen%26settings%3DeyJpZCI6IjQwNDMxIiwidG9nZ2xlIjpmYWxzZX0%3D\">\u00bfQue es un creador UGC y como participar? <\/a><\/h2>\t\t\t\t<\/div>\n\t\t\t\t<\/div>\n\t\t\t\t<\/div>\n\t\t\t\t\t<\/div>\n\t\t\t\t<\/div>\n\t\t<div class=\"elementor-element elementor-element-3fe5e92c e-flex e-con-boxed e-con e-parent\" data-id=\"3fe5e92c\" data-element_type=\"container\" data-e-type=\"container\" data-settings=\"{&quot;background_background&quot;:&quot;classic&quot;}\">\n\t\t\t\t\t<div class=\"e-con-inner\">\n\t\t<div class=\"elementor-element elementor-element-40e78f59 e-grid e-con-boxed e-con e-child\" data-id=\"40e78f59\" data-element_type=\"container\" data-e-type=\"container\">\n\t\t\t\t\t<div class=\"e-con-inner\">\n\t\t<div class=\"elementor-element elementor-element-35cf1be0 e-flex e-con-boxed e-con e-child\" data-id=\"35cf1be0\" data-element_type=\"container\" data-e-type=\"container\">\n\t\t\t\t\t<div class=\"e-con-inner\">\n\t\t\t\t<div class=\"elementor-element elementor-element-9e7ace5 elementor-widget elementor-widget-text-editor\" data-id=\"9e7ace5\" data-element_type=\"widget\" data-e-type=\"widget\" data-widget_type=\"text-editor.default\">\n\t\t\t\t<div class=\"elementor-widget-container\">\n\t\t\t\t\t\t\t\t\t<p>En Yatezzitos, creemos que cada ola tiene una historia que contar.<\/p>\t\t\t\t\t\t\t\t<\/div>\n\t\t\t\t<\/div>\n\t\t\t\t<div class=\"elementor-element elementor-element-f2158f1 elementor-widget elementor-widget-heading\" data-id=\"f2158f1\" data-element_type=\"widget\" data-e-type=\"widget\" data-widget_type=\"heading.default\">\n\t\t\t\t<div class=\"elementor-widget-container\">\n\t\t\t\t\t<h2 class=\"elementor-heading-title elementor-size-default\"><a href=\"#elementor-action%3Aaction%3Dpopup%3Aopen%26settings%3DeyJpZCI6IjQwNDMxIiwidG9nZ2xlIjpmYWxzZX0%3D\">\u00bfQue es un creador UGC y como participar? <\/a><\/h2>\t\t\t\t<\/div>\n\t\t\t\t<\/div>\n\t\t\t\t\t<\/div>\n\t\t\t\t<\/div>\n\t\t\t\t<div class=\"elementor-element elementor-element-9ce029d elementor-widget elementor-widget-image\" data-id=\"9ce029d\" data-element_type=\"widget\" data-e-type=\"widget\" data-widget_type=\"image.default\">\n\t\t\t\t<div class=\"elementor-widget-container\">\n\t\t\t\t\t\t\t\t\t\t\t\t\t\t\t<img decoding=\"async\" width=\"1024\" height=\"1024\" src=\"https:\/\/yatezzitos.com\/wp-content\/uploads\/2023\/12\/An-Influencer-Promoting-Beauty-Products.svg\" class=\"attachment-large size-large wp-image-40405\" alt=\"\" \/>\t\t\t\t\t\t\t\t\t\t\t\t\t\t\t<\/div>\n\t\t\t\t<\/div>\n\t\t\t\t\t<\/div>\n\t\t\t\t<\/div>\n\t\t\t\t\t<\/div>\n\t\t\t\t<\/div>\n\t\t<div class=\"elementor-element elementor-element-4e932bfb e-flex e-con-boxed e-con e-parent\" data-id=\"4e932bfb\" data-element_type=\"container\" data-e-type=\"container\">\n\t\t\t\t\t<div class=\"e-con-inner\">\n\t\t\t\t<div class=\"elementor-element elementor-element-1852e603 elementor-widget elementor-widget-heading\" data-id=\"1852e603\" data-element_type=\"widget\" data-e-type=\"widget\" data-widget_type=\"heading.default\">\n\t\t\t\t<div class=\"elementor-widget-container\">\n\t\t\t\t\t<h3 class=\"elementor-heading-title elementor-size-default\"> \u00a1Las olas de oportunidades te esperan!<\/h3>\t\t\t\t<\/div>\n\t\t\t\t<\/div>\n\t\t\t\t<div class=\"elementor-element elementor-element-46eabfc elementor-widget elementor-widget-text-editor\" data-id=\"46eabfc\" data-element_type=\"widget\" data-e-type=\"widget\" data-widget_type=\"text-editor.default\">\n\t\t\t\t<div class=\"elementor-widget-container\">\n\t\t\t\t\t\t\t\t\t<div class=\"flex-1 overflow-hidden\"><div class=\"react-scroll-to-bottom--css-rjong-79elbk h-full\"><div class=\"react-scroll-to-bottom--css-rjong-1n7m0yu\"><div class=\"flex flex-col pb-9 text-sm\"><div class=\"w-full text-token-text-primary\" data-testid=\"conversation-turn-51\"><div class=\"px-4 py-2 justify-center text-base md:gap-6 m-auto\"><div class=\"flex flex-1 text-base mx-auto gap-3 md:px-5 lg:px-1 xl:px-5 md:max-w-3xl lg:max-w-[40rem] xl:max-w-[48rem] } group final-completion\"><div class=\"relative flex w-full flex-col lg:w-[calc(100%-115px)] agent-turn\"><div class=\"flex-col gap-1 md:gap-3\"><div class=\"flex flex-grow flex-col max-w-full\"><div class=\"min-h-[20px] text-message flex flex-col items-start gap-3 whitespace-pre-wrap break-words [.text-message+&amp;]:mt-5 overflow-x-auto\" data-message-author-role=\"assistant\" data-message-id=\"df88b68b-4d80-4e76-bc42-4a40c5fedd35\"><div class=\"markdown prose w-full break-words dark:prose-invert light\"><p>\u00a1Sube tus experiencias en yate y mu\u00e9stranos tus habilidades!<\/p><\/div><\/div><\/div><\/div><\/div><\/div><\/div><\/div><\/div><\/div><\/div><\/div>\t\t\t\t\t\t\t\t<\/div>\n\t\t\t\t<\/div>\n\t\t\t\t<div class=\"elementor-element elementor-element-37bc92c elementor-widget elementor-widget-heading\" data-id=\"37bc92c\" data-element_type=\"widget\" data-e-type=\"widget\" data-widget_type=\"heading.default\">\n\t\t\t\t<div class=\"elementor-widget-container\">\n\t\t\t\t\t<h2 class=\"elementor-heading-title elementor-size-default\"><a href=\"#elementor-action%3Aaction%3Dpopup%3Aopen%26settings%3DeyJpZCI6IjQwNDMxIiwidG9nZ2xlIjpmYWxzZX0%3D\">\u00bfQue es un creador UGC y como participar? <\/a><\/h2>\t\t\t\t<\/div>\n\t\t\t\t<\/div>\n\t\t\t\t\t<\/div>\n\t\t\t\t<\/div>\n\t\t\t\t<\/div>\n\t\t","protected":false},"excerpt":{"rendered":"<p>Invitaci\u00f3n para creadores UGC. Accede a experiencias exclusivas y lujosas en yates. Tu creatividad merece un yate \u00bfQue es un creador UGC y como participar? Tu visi\u00f3n, nuestra aventura. \u00danete a nosotros para narrar historias inolvidables en el mar. Sube tus momentos m\u00e1gicos \u00bfQue es un creador UGC y como participar? Navega con beneficios \u00fanicos [&hellip;]<\/p>\n","protected":false},"author":3,"featured_media":0,"parent":0,"menu_order":0,"comment_status":"closed","ping_status":"closed","template":"elementor_header_footer","meta":{"_yoast_wpseo_focuskw":"","_yoast_wpseo_title":"","_yoast_wpseo_metadesc":"","footnotes":""},"class_list":["post-40397","page","type-page","status-publish","hentry"],"yoast_head":"<!-- This site is optimized with the Yoast SEO Premium plugin v27.2 (Yoast SEO v27.3) - https:\/\/yoast.com\/product\/yoast-seo-premium-wordpress\/ -->\n<title>Colaboraciones - Yatezzitos<\/title>\n<meta name=\"robots\" content=\"index, follow, max-snippet:-1, max-image-preview:large, max-video-preview:-1\" \/>\n<link rel=\"canonical\" href=\"https:\/\/yatezzitos.com\/es\/colaboraciones\/\" \/>\n<meta property=\"og:locale\" content=\"es_MX\" \/>\n<meta property=\"og:type\" content=\"article\" \/>\n<meta property=\"og:title\" content=\"Colaboraciones\" \/>\n<meta property=\"og:description\" content=\"Invitaci\u00f3n para creadores UGC. Accede a experiencias exclusivas y lujosas en yates. Tu creatividad merece un yate \u00bfQue es un creador UGC y como participar? Tu visi\u00f3n, nuestra aventura. \u00danete a nosotros para narrar historias inolvidables en el mar. Sube tus momentos m\u00e1gicos \u00bfQue es un creador UGC y como participar? Navega con beneficios \u00fanicos [&hellip;]\" \/>\n<meta property=\"og:url\" content=\"https:\/\/yatezzitos.com\/es\/colaboraciones\/\" \/>\n<meta property=\"og:site_name\" content=\"Yatezzitos\" \/>\n<meta property=\"article:publisher\" content=\"https:\/\/es-la.facebook.com\/Yatezzitos\/\" \/>\n<meta property=\"article:modified_time\" content=\"2023-12-02T06:05:28+00:00\" \/>\n<meta property=\"og:image\" content=\"https:\/\/yatezzitos.com\/wp-content\/uploads\/2023\/12\/Relaxing-on-The-Beach.svg\" \/>\n<meta name=\"twitter:card\" content=\"summary_large_image\" \/>\n<meta name=\"twitter:site\" content=\"@yatezzitos\" \/>\n<meta name=\"twitter:label1\" content=\"Tiempo de lectura\" \/>\n\t<meta name=\"twitter:data1\" content=\"2 minutos\" \/>\n<script type=\"application\/ld+json\" class=\"yoast-schema-graph\">{\"@context\":\"https:\\\/\\\/schema.org\",\"@graph\":[{\"@type\":\"WebPage\",\"@id\":\"https:\\\/\\\/yatezzitos.com\\\/colaboraciones\\\/\",\"url\":\"https:\\\/\\\/yatezzitos.com\\\/colaboraciones\\\/\",\"name\":\"Colaboraciones - Yatezzitos\",\"isPartOf\":{\"@id\":\"https:\\\/\\\/yatezzitos.com\\\/#website\"},\"primaryImageOfPage\":{\"@id\":\"https:\\\/\\\/yatezzitos.com\\\/colaboraciones\\\/#primaryimage\"},\"image\":{\"@id\":\"https:\\\/\\\/yatezzitos.com\\\/colaboraciones\\\/#primaryimage\"},\"thumbnailUrl\":\"https:\\\/\\\/yatezzitos.com\\\/wp-content\\\/uploads\\\/2023\\\/12\\\/Relaxing-on-The-Beach.svg\",\"datePublished\":\"2023-12-02T02:54:16+00:00\",\"dateModified\":\"2023-12-02T06:05:28+00:00\",\"breadcrumb\":{\"@id\":\"https:\\\/\\\/yatezzitos.com\\\/colaboraciones\\\/#breadcrumb\"},\"inLanguage\":\"es\",\"potentialAction\":[{\"@type\":\"ReadAction\",\"target\":[\"https:\\\/\\\/yatezzitos.com\\\/colaboraciones\\\/\"]}]},{\"@type\":\"ImageObject\",\"inLanguage\":\"es\",\"@id\":\"https:\\\/\\\/yatezzitos.com\\\/colaboraciones\\\/#primaryimage\",\"url\":\"https:\\\/\\\/yatezzitos.com\\\/wp-content\\\/uploads\\\/2023\\\/12\\\/Relaxing-on-The-Beach.svg\",\"contentUrl\":\"https:\\\/\\\/yatezzitos.com\\\/wp-content\\\/uploads\\\/2023\\\/12\\\/Relaxing-on-The-Beach.svg\"},{\"@type\":\"BreadcrumbList\",\"@id\":\"https:\\\/\\\/yatezzitos.com\\\/colaboraciones\\\/#breadcrumb\",\"itemListElement\":[{\"@type\":\"ListItem\",\"position\":1,\"name\":\"Inicio\",\"item\":\"https:\\\/\\\/yatezzitos.com\\\/es\\\/\"},{\"@type\":\"ListItem\",\"position\":2,\"name\":\"Colaboraciones\"}]},{\"@type\":\"WebSite\",\"@id\":\"https:\\\/\\\/yatezzitos.com\\\/#website\",\"url\":\"https:\\\/\\\/yatezzitos.com\\\/\",\"name\":\"Yatezzitos M\u00e9xico\",\"description\":\"Renta de Yates en M\u00e9xico\",\"alternateName\":\"Yatezzitos\",\"potentialAction\":[{\"@type\":\"SearchAction\",\"target\":{\"@type\":\"EntryPoint\",\"urlTemplate\":\"https:\\\/\\\/yatezzitos.com\\\/?s={search_term_string}\"},\"query-input\":{\"@type\":\"PropertyValueSpecification\",\"valueRequired\":true,\"valueName\":\"search_term_string\"}}],\"inLanguage\":\"es\"}]}<\/script>\n<!-- \/ Yoast SEO Premium plugin. -->","yoast_head_json":{"title":"Colaboraciones - Yatezzitos","robots":{"index":"index","follow":"follow","max-snippet":"max-snippet:-1","max-image-preview":"max-image-preview:large","max-video-preview":"max-video-preview:-1"},"canonical":"https:\/\/yatezzitos.com\/es\/colaboraciones\/","og_locale":"es_MX","og_type":"article","og_title":"Colaboraciones","og_description":"Invitaci\u00f3n para creadores UGC. Accede a experiencias exclusivas y lujosas en yates. Tu creatividad merece un yate \u00bfQue es un creador UGC y como participar? Tu visi\u00f3n, nuestra aventura. \u00danete a nosotros para narrar historias inolvidables en el mar. Sube tus momentos m\u00e1gicos \u00bfQue es un creador UGC y como participar? Navega con beneficios \u00fanicos [&hellip;]","og_url":"https:\/\/yatezzitos.com\/es\/colaboraciones\/","og_site_name":"Yatezzitos","article_publisher":"https:\/\/es-la.facebook.com\/Yatezzitos\/","article_modified_time":"2023-12-02T06:05:28+00:00","og_image":[{"url":"https:\/\/yatezzitos.com\/wp-content\/uploads\/2023\/12\/Relaxing-on-The-Beach.svg","type":"","width":"","height":""}],"twitter_card":"summary_large_image","twitter_site":"@yatezzitos","twitter_misc":{"Tiempo de lectura":"2 minutos"},"schema":{"@context":"https:\/\/schema.org","@graph":[{"@type":"WebPage","@id":"https:\/\/yatezzitos.com\/colaboraciones\/","url":"https:\/\/yatezzitos.com\/colaboraciones\/","name":"Colaboraciones - Yatezzitos","isPartOf":{"@id":"https:\/\/yatezzitos.com\/#website"},"primaryImageOfPage":{"@id":"https:\/\/yatezzitos.com\/colaboraciones\/#primaryimage"},"image":{"@id":"https:\/\/yatezzitos.com\/colaboraciones\/#primaryimage"},"thumbnailUrl":"https:\/\/yatezzitos.com\/wp-content\/uploads\/2023\/12\/Relaxing-on-The-Beach.svg","datePublished":"2023-12-02T02:54:16+00:00","dateModified":"2023-12-02T06:05:28+00:00","breadcrumb":{"@id":"https:\/\/yatezzitos.com\/colaboraciones\/#breadcrumb"},"inLanguage":"es","potentialAction":[{"@type":"ReadAction","target":["https:\/\/yatezzitos.com\/colaboraciones\/"]}]},{"@type":"ImageObject","inLanguage":"es","@id":"https:\/\/yatezzitos.com\/colaboraciones\/#primaryimage","url":"https:\/\/yatezzitos.com\/wp-content\/uploads\/2023\/12\/Relaxing-on-The-Beach.svg","contentUrl":"https:\/\/yatezzitos.com\/wp-content\/uploads\/2023\/12\/Relaxing-on-The-Beach.svg"},{"@type":"BreadcrumbList","@id":"https:\/\/yatezzitos.com\/colaboraciones\/#breadcrumb","itemListElement":[{"@type":"ListItem","position":1,"name":"Inicio","item":"https:\/\/yatezzitos.com\/es\/"},{"@type":"ListItem","position":2,"name":"Colaboraciones"}]},{"@type":"WebSite","@id":"https:\/\/yatezzitos.com\/#website","url":"https:\/\/yatezzitos.com\/","name":"Yatezzitos M\u00e9xico","description":"Renta de Yates en M\u00e9xico","alternateName":"Yatezzitos","potentialAction":[{"@type":"SearchAction","target":{"@type":"EntryPoint","urlTemplate":"https:\/\/yatezzitos.com\/?s={search_term_string}"},"query-input":{"@type":"PropertyValueSpecification","valueRequired":true,"valueName":"search_term_string"}}],"inLanguage":"es"}]}},"_links":{"self":[{"href":"https:\/\/yatezzitos.com\/es\/wp-json\/wp\/v2\/pages\/40397","targetHints":{"allow":["GET"]}}],"collection":[{"href":"https:\/\/yatezzitos.com\/es\/wp-json\/wp\/v2\/pages"}],"about":[{"href":"https:\/\/yatezzitos.com\/es\/wp-json\/wp\/v2\/types\/page"}],"author":[{"embeddable":true,"href":"https:\/\/yatezzitos.com\/es\/wp-json\/wp\/v2\/users\/3"}],"replies":[{"embeddable":true,"href":"https:\/\/yatezzitos.com\/es\/wp-json\/wp\/v2\/comments?post=40397"}],"version-history":[{"count":0,"href":"https:\/\/yatezzitos.com\/es\/wp-json\/wp\/v2\/pages\/40397\/revisions"}],"wp:attachment":[{"href":"https:\/\/yatezzitos.com\/es\/wp-json\/wp\/v2\/media?parent=40397"}],"curies":[{"name":"wp","href":"https:\/\/api.w.org\/{rel}","templated":true}]}}