{"id":21465,"date":"2022-07-30T00:53:10","date_gmt":"2022-07-30T00:53:10","guid":{"rendered":"https:\/\/yatezzitos.com\/?page_id=21465"},"modified":"2024-09-14T20:17:34","modified_gmt":"2024-09-14T20:17:34","slug":"privacidad","status":"publish","type":"page","link":"https:\/\/yatezzitos.com\/es\/privacidad\/","title":{"rendered":"Acuerdo de privacidad"},"content":{"rendered":"\t\t<div data-elementor-type=\"wp-page\" data-elementor-id=\"21465\" class=\"elementor elementor-21465\" data-elementor-post-type=\"page\">\n\t\t\t\t\t\t<section class=\"elementor-section elementor-top-section elementor-element elementor-element-51263e7 elementor-section-boxed elementor-section-height-default elementor-section-height-default\" data-id=\"51263e7\" data-element_type=\"section\" data-e-type=\"section\">\n\t\t\t\t\t\t<div class=\"elementor-container elementor-column-gap-default\">\n\t\t\t\t\t<div class=\"elementor-column elementor-col-100 elementor-top-column elementor-element elementor-element-acd1723\" data-id=\"acd1723\" data-element_type=\"column\" data-e-type=\"column\">\n\t\t\t<div class=\"elementor-widget-wrap elementor-element-populated\">\n\t\t\t\t\t\t<div class=\"elementor-element elementor-element-2349fa5 elementor-widget elementor-widget-text-editor\" data-id=\"2349fa5\" data-element_type=\"widget\" data-e-type=\"widget\" data-widget_type=\"text-editor.default\">\n\t\t\t\t<div class=\"elementor-widget-container\">\n\t\t\t\t\t\t\t\t\t<h1><strong>AVISO DE PRIVACIDAD INTEGRAL DE YATEZZITOS M\u00c9XICO\u00ae<\/strong><\/h1><p><strong>Introducci\u00f3n:<\/strong> <strong>Yatezzitos M\u00e9xico\u00ae<\/strong> se compromete a proteger la privacidad y la seguridad de los datos personales de nuestros clientes y usuarios. Este Aviso de Privacidad explica c\u00f3mo recopilamos, usamos, divulgamos y protegemos su informaci\u00f3n personal. Al acceder a nuestros servicios, usted reconoce y acepta las pr\u00e1cticas descritas en este documento.<\/p><p><strong>Recopilaci\u00f3n de Datos Personales:<\/strong> Recopilamos informaci\u00f3n que nos permite ofrecerle nuestros servicios de alquiler de yates de manera eficiente. Esto incluye, pero no se limita a:<\/p><ul><li><strong>Datos de Identificaci\u00f3n y Contacto:<\/strong> Nombre, direcci\u00f3n de correo electr\u00f3nico, n\u00famero telef\u00f3nico, direcci\u00f3n postal.<\/li><li><strong>Datos Financieros y de Facturaci\u00f3n:<\/strong> Informaci\u00f3n de tarjetas de cr\u00e9dito, datos bancarios, RFC para procesamiento de pagos y facturaci\u00f3n.<\/li><li><strong>Preferencias Personales:<\/strong> Informaci\u00f3n sobre preferencias de viajes, necesidades especiales durante el alquiler, y cualquier otro dato que nos permita personalizar su experiencia.<\/li><\/ul><p><strong>Finalidades del Tratamiento:<\/strong> Adem\u00e1s de las finalidades ya mencionadas, utilizamos su informaci\u00f3n para:<\/p><ul><li><strong>Mejorar Nuestros Servicios:<\/strong> Analizar c\u00f3mo nuestros clientes utilizan nuestros servicios para introducir mejoras y nuevas funcionalidades.<\/li><li><strong>Marketing y Promociones:<\/strong> Informarle sobre ofertas especiales, productos nuevos y otras promociones que creemos ser\u00e1n de su inter\u00e9s.<\/li><li><strong>Seguridad y Prevenci\u00f3n de Fraudes:<\/strong> Implementar medidas para proteger a nuestros clientes y servicios contra fraudes y uso indebido.<\/li><\/ul><p><strong>Consentimiento:<\/strong> Su consentimiento para el tratamiento de sus datos personales se otorga de manera expl\u00edcita al aceptar este Aviso de Privacidad. Usted tiene el derecho de retirar su consentimiento en cualquier momento, sin embargo, esto puede afectar nuestra capacidad para proporcionarle ciertos servicios.<\/p><p><strong>Derechos del Titular:<\/strong> Usted tiene derecho a conocer qu\u00e9 datos personales tenemos sobre usted, para qu\u00e9 los utilizamos, las condiciones del uso que les damos (Acceso). Asimismo, es su derecho solicitar la correcci\u00f3n de su informaci\u00f3n personal en caso de que est\u00e9 desactualizada, sea inexacta o incompleta (Rectificaci\u00f3n); que la eliminemos de nuestros registros o bases de datos cuando considere que la misma no est\u00e1 siendo utilizada adecuadamente (Cancelaci\u00f3n); as\u00ed como oponerse al uso de sus datos personales para fines espec\u00edficos (Oposici\u00f3n).<\/p><p><strong>Protecci\u00f3n de Datos Personales:<\/strong> Implementamos medidas de seguridad f\u00edsicas, t\u00e9cnicas y administrativas para proteger sus datos personales. Estas medidas buscan evitar el acceso no autorizado, divulgaci\u00f3n, alteraci\u00f3n y destrucci\u00f3n de su informaci\u00f3n.<\/p><p><strong>Transferencia de Datos:<\/strong> No transferimos ni compartimos sus datos personales con terceros, a menos que sea estrictamente necesario para cumplir con obligaciones legales o regulatorias. Su informaci\u00f3n ser\u00e1 tratada exclusivamente por nuestra empresa y no ser\u00e1 divulgada a socios, proveedores ni terceros sin su consentimiento expl\u00edcito. Nos comprometemos a garantizar la seguridad y confidencialidad de sus datos en todo momento, manteni\u00e9ndolos bajo los mismos niveles de protecci\u00f3n que aplicamos internamente.<\/p><p><strong>Cambios al Aviso de Privacidad:<\/strong> <strong>Yatezzitos M\u00e9xico\u00ae<\/strong> se reserva el derecho de modificar este Aviso de Privacidad para adaptarse a cambios legislativos, jurisprudenciales, pol\u00edticas internas o nuevos requerimientos para la prestaci\u00f3n u ofrecimiento de nuestros servicios. Estas modificaciones estar\u00e1n disponibles a trav\u00e9s de nuestros canales de comunicaci\u00f3n habituales.<\/p><p><strong>Contacto:<\/strong> Para cualquier pregunta o solicitud respecto a este Aviso de Privacidad, por favor, cont\u00e1ctenos a trav\u00e9s de <strong><a target=\"_new\">contacto@yatezzitos.com<\/a><\/strong> o visite nuestro domicilio en <strong>Calle Manglar #3235, Fraccionamiento Prados del sol, CP: #82124<\/strong>.<\/p>\t\t\t\t\t\t\t\t<\/div>\n\t\t\t\t<\/div>\n\t\t\t\t\t<\/div>\n\t\t<\/div>\n\t\t\t\t\t<\/div>\n\t\t<\/section>\n\t\t\t\t<\/div>\n\t\t","protected":false},"excerpt":{"rendered":"<p>AVISO DE PRIVACIDAD INTEGRAL DE YATEZZITOS M\u00c9XICO\u00ae Introducci\u00f3n: Yatezzitos M\u00e9xico\u00ae se compromete a proteger la privacidad y la seguridad de los datos personales de nuestros clientes y usuarios. Este Aviso de Privacidad explica c\u00f3mo recopilamos, usamos, divulgamos y protegemos su informaci\u00f3n personal. Al acceder a nuestros servicios, usted reconoce y acepta las pr\u00e1cticas descritas en [&hellip;]<\/p>\n","protected":false},"author":3,"featured_media":0,"parent":0,"menu_order":0,"comment_status":"closed","ping_status":"closed","template":"elementor_header_footer","meta":{"_yoast_wpseo_focuskw":"","_yoast_wpseo_title":"","_yoast_wpseo_metadesc":"","footnotes":""},"class_list":["post-21465","page","type-page","status-publish","hentry"],"yoast_head":"<!-- This site is optimized with the Yoast SEO Premium plugin v27.2 (Yoast SEO v27.3) - https:\/\/yoast.com\/product\/yoast-seo-premium-wordpress\/ -->\n<title>Acuerdo de privacidad - Yatezzitos<\/title>\n<meta name=\"robots\" content=\"index, follow, max-snippet:-1, max-image-preview:large, max-video-preview:-1\" \/>\n<link rel=\"canonical\" href=\"https:\/\/yatezzitos.com\/es\/privacidad\/\" \/>\n<meta property=\"og:locale\" content=\"es_MX\" \/>\n<meta property=\"og:type\" content=\"article\" \/>\n<meta property=\"og:title\" content=\"Acuerdo de privacidad\" \/>\n<meta property=\"og:description\" content=\"AVISO DE PRIVACIDAD INTEGRAL DE YATEZZITOS M\u00c9XICO\u00ae Introducci\u00f3n: Yatezzitos M\u00e9xico\u00ae se compromete a proteger la privacidad y la seguridad de los datos personales de nuestros clientes y usuarios. Este Aviso de Privacidad explica c\u00f3mo recopilamos, usamos, divulgamos y protegemos su informaci\u00f3n personal. Al acceder a nuestros servicios, usted reconoce y acepta las pr\u00e1cticas descritas en [&hellip;]\" \/>\n<meta property=\"og:url\" content=\"https:\/\/yatezzitos.com\/es\/privacidad\/\" \/>\n<meta property=\"og:site_name\" content=\"Yatezzitos\" \/>\n<meta property=\"article:publisher\" content=\"https:\/\/es-la.facebook.com\/Yatezzitos\/\" \/>\n<meta property=\"article:modified_time\" content=\"2024-09-14T20:17:34+00:00\" \/>\n<meta name=\"twitter:card\" content=\"summary_large_image\" \/>\n<meta name=\"twitter:site\" content=\"@yatezzitos\" \/>\n<meta name=\"twitter:label1\" content=\"Tiempo de lectura\" \/>\n\t<meta name=\"twitter:data1\" content=\"3 minutos\" \/>\n<script type=\"application\/ld+json\" class=\"yoast-schema-graph\">{\"@context\":\"https:\\\/\\\/schema.org\",\"@graph\":[{\"@type\":\"WebPage\",\"@id\":\"https:\\\/\\\/yatezzitos.com\\\/privacidad\\\/\",\"url\":\"https:\\\/\\\/yatezzitos.com\\\/privacidad\\\/\",\"name\":\"Acuerdo de privacidad - Yatezzitos\",\"isPartOf\":{\"@id\":\"https:\\\/\\\/yatezzitos.com\\\/#website\"},\"datePublished\":\"2022-07-30T00:53:10+00:00\",\"dateModified\":\"2024-09-14T20:17:34+00:00\",\"breadcrumb\":{\"@id\":\"https:\\\/\\\/yatezzitos.com\\\/privacidad\\\/#breadcrumb\"},\"inLanguage\":\"es\",\"potentialAction\":[{\"@type\":\"ReadAction\",\"target\":[\"https:\\\/\\\/yatezzitos.com\\\/privacidad\\\/\"]}]},{\"@type\":\"BreadcrumbList\",\"@id\":\"https:\\\/\\\/yatezzitos.com\\\/privacidad\\\/#breadcrumb\",\"itemListElement\":[{\"@type\":\"ListItem\",\"position\":1,\"name\":\"Inicio\",\"item\":\"https:\\\/\\\/yatezzitos.com\\\/es\\\/\"},{\"@type\":\"ListItem\",\"position\":2,\"name\":\"Acuerdo de privacidad\"}]},{\"@type\":\"WebSite\",\"@id\":\"https:\\\/\\\/yatezzitos.com\\\/#website\",\"url\":\"https:\\\/\\\/yatezzitos.com\\\/\",\"name\":\"Yatezzitos M\u00e9xico\",\"description\":\"Renta de Yates en M\u00e9xico\",\"alternateName\":\"Yatezzitos\",\"potentialAction\":[{\"@type\":\"SearchAction\",\"target\":{\"@type\":\"EntryPoint\",\"urlTemplate\":\"https:\\\/\\\/yatezzitos.com\\\/?s={search_term_string}\"},\"query-input\":{\"@type\":\"PropertyValueSpecification\",\"valueRequired\":true,\"valueName\":\"search_term_string\"}}],\"inLanguage\":\"es\"}]}<\/script>\n<!-- \/ Yoast SEO Premium plugin. -->","yoast_head_json":{"title":"Acuerdo de privacidad - Yatezzitos","robots":{"index":"index","follow":"follow","max-snippet":"max-snippet:-1","max-image-preview":"max-image-preview:large","max-video-preview":"max-video-preview:-1"},"canonical":"https:\/\/yatezzitos.com\/es\/privacidad\/","og_locale":"es_MX","og_type":"article","og_title":"Acuerdo de privacidad","og_description":"AVISO DE PRIVACIDAD INTEGRAL DE YATEZZITOS M\u00c9XICO\u00ae Introducci\u00f3n: Yatezzitos M\u00e9xico\u00ae se compromete a proteger la privacidad y la seguridad de los datos personales de nuestros clientes y usuarios. Este Aviso de Privacidad explica c\u00f3mo recopilamos, usamos, divulgamos y protegemos su informaci\u00f3n personal. Al acceder a nuestros servicios, usted reconoce y acepta las pr\u00e1cticas descritas en [&hellip;]","og_url":"https:\/\/yatezzitos.com\/es\/privacidad\/","og_site_name":"Yatezzitos","article_publisher":"https:\/\/es-la.facebook.com\/Yatezzitos\/","article_modified_time":"2024-09-14T20:17:34+00:00","twitter_card":"summary_large_image","twitter_site":"@yatezzitos","twitter_misc":{"Tiempo de lectura":"3 minutos"},"schema":{"@context":"https:\/\/schema.org","@graph":[{"@type":"WebPage","@id":"https:\/\/yatezzitos.com\/privacidad\/","url":"https:\/\/yatezzitos.com\/privacidad\/","name":"Acuerdo de privacidad - Yatezzitos","isPartOf":{"@id":"https:\/\/yatezzitos.com\/#website"},"datePublished":"2022-07-30T00:53:10+00:00","dateModified":"2024-09-14T20:17:34+00:00","breadcrumb":{"@id":"https:\/\/yatezzitos.com\/privacidad\/#breadcrumb"},"inLanguage":"es","potentialAction":[{"@type":"ReadAction","target":["https:\/\/yatezzitos.com\/privacidad\/"]}]},{"@type":"BreadcrumbList","@id":"https:\/\/yatezzitos.com\/privacidad\/#breadcrumb","itemListElement":[{"@type":"ListItem","position":1,"name":"Inicio","item":"https:\/\/yatezzitos.com\/es\/"},{"@type":"ListItem","position":2,"name":"Acuerdo de privacidad"}]},{"@type":"WebSite","@id":"https:\/\/yatezzitos.com\/#website","url":"https:\/\/yatezzitos.com\/","name":"Yatezzitos M\u00e9xico","description":"Renta de Yates en M\u00e9xico","alternateName":"Yatezzitos","potentialAction":[{"@type":"SearchAction","target":{"@type":"EntryPoint","urlTemplate":"https:\/\/yatezzitos.com\/?s={search_term_string}"},"query-input":{"@type":"PropertyValueSpecification","valueRequired":true,"valueName":"search_term_string"}}],"inLanguage":"es"}]}},"_links":{"self":[{"href":"https:\/\/yatezzitos.com\/es\/wp-json\/wp\/v2\/pages\/21465","targetHints":{"allow":["GET"]}}],"collection":[{"href":"https:\/\/yatezzitos.com\/es\/wp-json\/wp\/v2\/pages"}],"about":[{"href":"https:\/\/yatezzitos.com\/es\/wp-json\/wp\/v2\/types\/page"}],"author":[{"embeddable":true,"href":"https:\/\/yatezzitos.com\/es\/wp-json\/wp\/v2\/users\/3"}],"replies":[{"embeddable":true,"href":"https:\/\/yatezzitos.com\/es\/wp-json\/wp\/v2\/comments?post=21465"}],"version-history":[{"count":0,"href":"https:\/\/yatezzitos.com\/es\/wp-json\/wp\/v2\/pages\/21465\/revisions"}],"wp:attachment":[{"href":"https:\/\/yatezzitos.com\/es\/wp-json\/wp\/v2\/media?parent=21465"}],"curies":[{"name":"wp","href":"https:\/\/api.w.org\/{rel}","templated":true}]}}