{"id":16941,"date":"2020-03-02T10:27:05","date_gmt":"2020-03-02T10:27:05","guid":{"rendered":"https:\/\/demo01.houzez.co\/?page_id=16941"},"modified":"2026-03-31T01:49:37","modified_gmt":"2026-03-31T01:49:37","slug":"contacto","status":"publish","type":"page","link":"https:\/\/yatezzitos.com\/es\/contacto\/","title":{"rendered":"Contacto"},"content":{"rendered":"\t\t<div data-elementor-type=\"wp-page\" data-elementor-id=\"16941\" class=\"elementor elementor-16941\" data-elementor-post-type=\"page\">\n\t\t\t\t<div class=\"elementor-element elementor-element-02f80a0 e-flex e-con-boxed e-con e-parent\" data-id=\"02f80a0\" data-element_type=\"container\" data-e-type=\"container\" data-settings=\"{&quot;background_background&quot;:&quot;classic&quot;}\">\n\t\t\t\t\t<div class=\"e-con-inner\">\n\t\t\t\t<div class=\"elementor-element elementor-element-823b22d elementor-widget elementor-widget-html\" data-id=\"823b22d\" data-element_type=\"widget\" data-e-type=\"widget\" data-widget_type=\"html.default\">\n\t\t\t\t<div class=\"elementor-widget-container\">\n\t\t\t\t\t<!-- HERO SECTION -->\n<div class=\"yz-contact-hero\">\n  <div class=\"yz-contact-hero-content\">\n    <h1>Cont\u00e1ctanos:<\/h1>\n    <h2>Renta de Yates Hoy<\/h2>\n  <\/div>\n<\/div>\n\n<!-- MAIN CONTACT SECTION -->\n<div class=\"yz-contact-main\">\n  <!-- Decorative Elements -->\n  <!-- Estrellas de mar fijadas a la izquierda -->\n  <img decoding=\"async\" src=\"https:\/\/yatezzitos.com\/wp-content\/uploads\/2026\/03\/Estrella-de-mar.png\" alt=\"Decoraci\u00f3n Estrella de mar\" class=\"yz-decor yz-decor-starfish\">\n  <!-- Caracolas fijadas abajo a la derecha -->\n  <img decoding=\"async\" src=\"https:\/\/yatezzitos.com\/wp-content\/uploads\/2026\/03\/Caracolas.png\" alt=\"Decoraci\u00f3n Caracolas\" class=\"yz-decor yz-decor-shells\">\n\n  <div class=\"yz-contact-container\">\n    \n    <!-- LEFT COLUMN: FORM -->\n    <div class=\"yz-card yz-contact-form-card\">\n      <h3>Te responderemos en menos de <span class=\"yz-badge\">24<\/span> horas<\/h3>\n      <p class=\"yz-subtitle\">Escr\u00edbenos para tu renta de yates, te responderemos lo m\u00e1s pronto posible.<\/p>\n      \n      <!-- Si usas Elementor Forms o Contact Form 7, tendr\u00e1s que forzar las clases CSS. De lo contrario, aqu\u00ed tienes la estructura base pura. -->\n      <form class=\"yz-form\">\n        <div class=\"yz-form-row\">\n          <div class=\"yz-input-group\">\n            <label>Nombre*<\/label>\n            <div class=\"yz-input-wrapper\">\n              <img decoding=\"async\" src=\"https:\/\/yatezzitos.com\/wp-content\/uploads\/2026\/03\/Frame-Nombre-de-usuario-Form.svg\" class=\"yz-input-icon\" alt=\"Icono usuario\">\n              <input type=\"text\" placeholder=\"Ingresa tu nombre\" required>\n            <\/div>\n          <\/div>\n          <div class=\"yz-input-group\">\n            <label>Apellido*<\/label>\n            <div class=\"yz-input-wrapper\">\n              <img decoding=\"async\" src=\"https:\/\/yatezzitos.com\/wp-content\/uploads\/2026\/03\/Frame-Nombre-de-usuario-Form.svg\" class=\"yz-input-icon\" alt=\"Icono apellido\">\n              <input type=\"text\" placeholder=\"Ingresa tu apellido\" required>\n            <\/div>\n          <\/div>\n        <\/div>\n        <div class=\"yz-form-row\">\n          <div class=\"yz-input-group\">\n            <label>Correo*<\/label>\n            <div class=\"yz-input-wrapper\">\n              <img decoding=\"async\" src=\"https:\/\/yatezzitos.com\/wp-content\/uploads\/2026\/03\/Frame-Email.svg\" class=\"yz-input-icon\" alt=\"Icono correo\">\n              <input type=\"email\" placeholder=\"Ingresa tu correo\" required>\n            <\/div>\n          <\/div>\n          <div class=\"yz-input-group\">\n            <label>Tel\u00e9fono*<\/label>\n            <div class=\"yz-input-wrapper\">\n              <img decoding=\"async\" src=\"https:\/\/yatezzitos.com\/wp-content\/uploads\/2026\/03\/Frame-telefono-llamadas.svg\" class=\"yz-input-icon\" alt=\"Icono tel\u00e9fono\">\n              <input type=\"tel\" placeholder=\"Ingresa tu tel\u00e9fono\" required>\n            <\/div>\n          <\/div>\n        <\/div>\n        <div class=\"yz-form-row\">\n          <div class=\"yz-input-group yz-full-width\">\n            <label>Mensaje<\/label>\n            <div class=\"yz-input-wrapper\">\n              <!-- El campo mensaje suele no llevar icono para aprovechar el espacio, seg\u00fan me comentas, pero conservamos la envoltura estructural -->\n              <textarea placeholder=\"Escribe tu duda o detalles de la renta aqu\u00ed...\" rows=\"4\"><\/textarea>\n            <\/div>\n          <\/div>\n        <\/div>\n        <!-- Bot\u00f3n con SVG provisto -->\n        <button type=\"submit\" class=\"yz-btn-submit\">\n          Enviar Mensaje \n          <img decoding=\"async\" src=\"https:\/\/yatezzitos.com\/wp-content\/uploads\/2026\/03\/Frame-cta-boton.svg\" alt=\"Mandar CTA\" class=\"yz-btn-cta-icon\">\n        <\/button>\n      <\/form>\n    <\/div>\n\n    <!-- RIGHT COLUMN: INFO -->\n    <div class=\"yz-card yz-contact-info-card\">\n      <h3>\u00bfPrefieres Chat? H\u00e1blanos en Redes<\/h3>\n      <p class=\"yz-subtitle\">Estamos a un clic de distancia. Escr\u00edbenos por cualquiera de las plataformas abajo, solemos responder en un par de horas.<\/p>\n      \n      <div class=\"yz-social-contact\">\n        <!-- WhatsApp -->\n        <div class=\"yz-social-item\">\n          <div class=\"yz-social-icon-wrapper\">\n            <img decoding=\"async\" src=\"https:\/\/yatezzitos.com\/wp-content\/uploads\/2026\/03\/Vector-Whatsapp.svg\" alt=\"WhatsApp Icon\">\n          <\/div>\n          <div class=\"yz-social-text\">\n            <h4>WhatsApp<\/h4>\n            <p>Chatea con nuestro equipo al instante<\/p>\n            <a href=\"https:\/\/wa.me\/526691324073\" target=\"_blank\" class=\"yz-social-link\">+52 (669) 132 4073<\/a> \n          <\/div>\n        <\/div>\n        \n        <!-- Email -->\n        <div class=\"yz-social-item\">\n          <div class=\"yz-social-icon-wrapper\">\n            <img decoding=\"async\" src=\"https:\/\/yatezzitos.com\/wp-content\/uploads\/2026\/03\/Frame-Email.svg\" alt=\"Email Icon\">\n          <\/div>\n          <div class=\"yz-social-text\">\n            <h4>Correo Electr\u00f3nico<\/h4>\n            <p>Env\u00edanos tus consultas cuando gustes<\/p>\n            <a href=\"mailto:help@yatezzitos.com\" class=\"yz-social-link\">ayuda@yatezzitos.com<\/a>\n          <\/div>\n        <\/div>\n\n        <!-- Instagram -->\n        <div class=\"yz-social-item\">\n          <div class=\"yz-social-icon-wrapper\">\n            <img decoding=\"async\" src=\"https:\/\/yatezzitos.com\/wp-content\/uploads\/2026\/03\/Frame-Instagram.svg\" alt=\"Instagram Icon\">\n          <\/div>\n          <div class=\"yz-social-text\">\n            <h4>Instagram<\/h4>\n            <p>Env\u00eda un DM para recibir ayuda e info<\/p>\n            <a href=\"https:\/\/www.instagram.com\/yatezzitos_mx\/\" target=\"_blank\" class=\"yz-social-link\">@Yatezzitos<\/a>\n          <\/div>\n        <\/div>\n      <\/div>\n    <\/div>\n  <\/div>\n<\/div>\t\t\t\t<\/div>\n\t\t\t\t<\/div>\n\t\t\t\t\t<\/div>\n\t\t\t\t<\/div>\n\t\t\t\t<\/div>\n\t\t","protected":false},"excerpt":{"rendered":"<p>Cont\u00e1ctanos: Renta de Yates Hoy Te responderemos en menos de 24 horas Escr\u00edbenos para tu renta de yates, te responderemos lo m\u00e1s pronto posible. Nombre* Apellido* Correo* Tel\u00e9fono* Mensaje Enviar Mensaje \u00bfPrefieres Chat? H\u00e1blanos en Redes Estamos a un clic de distancia. Escr\u00edbenos por cualquiera de las plataformas abajo, solemos responder en un par de [&hellip;]<\/p>\n","protected":false},"author":3,"featured_media":49586,"parent":0,"menu_order":0,"comment_status":"closed","ping_status":"closed","template":"template\/template-onepage.php","meta":{"_yoast_wpseo_focuskw":"Contacto","_yoast_wpseo_title":"%%title%% %%sep%% Contacta con nosotros %%sep%% D\u00e9janos ayudarte %%sep%% %%sitename%%","_yoast_wpseo_metadesc":"Si necesitas un contacto directo con uno de nuestros asesores, este es el lugar correcto, te ayudaremos con lo que necesites. \u00a1Cont\u00e1ctanos!.","footnotes":""},"class_list":["post-16941","page","type-page","status-publish","has-post-thumbnail","hentry"],"yoast_head":"<!-- This site is optimized with the Yoast SEO Premium plugin v27.2 (Yoast SEO v27.3) - https:\/\/yoast.com\/product\/yoast-seo-premium-wordpress\/ -->\n<title>Contacto - Contacta con nosotros - D\u00e9janos ayudarte - Yatezzitos<\/title>\n<meta name=\"description\" content=\"Si necesitas un contacto directo con uno de nuestros asesores, este es el lugar correcto, te ayudaremos con lo que necesites. \u00a1Cont\u00e1ctanos!.\" \/>\n<meta name=\"robots\" content=\"index, follow, max-snippet:-1, max-image-preview:large, max-video-preview:-1\" \/>\n<link rel=\"canonical\" href=\"https:\/\/yatezzitos.com\/es\/contacto\/\" \/>\n<meta property=\"og:locale\" content=\"es_MX\" \/>\n<meta property=\"og:type\" content=\"article\" \/>\n<meta property=\"og:title\" content=\"Contacto\" \/>\n<meta property=\"og:description\" content=\"Si necesitas un contacto directo con uno de nuestros asesores, este es el lugar correcto, te ayudaremos con lo que necesites. \u00a1Cont\u00e1ctanos!.\" \/>\n<meta property=\"og:url\" content=\"https:\/\/yatezzitos.com\/es\/contacto\/\" \/>\n<meta property=\"og:site_name\" content=\"Yatezzitos\" \/>\n<meta property=\"article:publisher\" content=\"https:\/\/es-la.facebook.com\/Yatezzitos\/\" \/>\n<meta property=\"article:modified_time\" content=\"2026-03-31T01:49:37+00:00\" \/>\n<meta property=\"og:image\" content=\"https:\/\/yatezzitos.com\/wp-content\/uploads\/2020\/03\/b5e068f3-8228-40a9-a35b-a2eb8b259969.webp\" \/>\n\t<meta property=\"og:image:width\" content=\"1152\" \/>\n\t<meta property=\"og:image:height\" content=\"866\" \/>\n\t<meta property=\"og:image:type\" content=\"image\/webp\" \/>\n<meta name=\"twitter:card\" content=\"summary_large_image\" \/>\n<meta name=\"twitter:site\" content=\"@yatezzitos\" \/>\n<meta name=\"twitter:label1\" content=\"Tiempo de lectura\" \/>\n\t<meta name=\"twitter:data1\" content=\"2 minutos\" \/>\n<script type=\"application\/ld+json\" class=\"yoast-schema-graph\">{\"@context\":\"https:\\\/\\\/schema.org\",\"@graph\":[{\"@type\":\"WebPage\",\"@id\":\"https:\\\/\\\/yatezzitos.com\\\/contacto\\\/\",\"url\":\"https:\\\/\\\/yatezzitos.com\\\/contacto\\\/\",\"name\":\"Contacto - Contacta con nosotros - D\u00e9janos ayudarte - Yatezzitos\",\"isPartOf\":{\"@id\":\"https:\\\/\\\/yatezzitos.com\\\/#website\"},\"primaryImageOfPage\":{\"@id\":\"https:\\\/\\\/yatezzitos.com\\\/contacto\\\/#primaryimage\"},\"image\":{\"@id\":\"https:\\\/\\\/yatezzitos.com\\\/contacto\\\/#primaryimage\"},\"thumbnailUrl\":\"https:\\\/\\\/yatezzitos.com\\\/wp-content\\\/uploads\\\/2020\\\/03\\\/b5e068f3-8228-40a9-a35b-a2eb8b259969.webp\",\"datePublished\":\"2020-03-02T10:27:05+00:00\",\"dateModified\":\"2026-03-31T01:49:37+00:00\",\"description\":\"Si necesitas un contacto directo con uno de nuestros asesores, este es el lugar correcto, te ayudaremos con lo que necesites. \u00a1Cont\u00e1ctanos!.\",\"breadcrumb\":{\"@id\":\"https:\\\/\\\/yatezzitos.com\\\/contacto\\\/#breadcrumb\"},\"inLanguage\":\"es\",\"potentialAction\":[{\"@type\":\"ReadAction\",\"target\":[\"https:\\\/\\\/yatezzitos.com\\\/contacto\\\/\"]}]},{\"@type\":\"ImageObject\",\"inLanguage\":\"es\",\"@id\":\"https:\\\/\\\/yatezzitos.com\\\/contacto\\\/#primaryimage\",\"url\":\"https:\\\/\\\/yatezzitos.com\\\/wp-content\\\/uploads\\\/2020\\\/03\\\/b5e068f3-8228-40a9-a35b-a2eb8b259969.webp\",\"contentUrl\":\"https:\\\/\\\/yatezzitos.com\\\/wp-content\\\/uploads\\\/2020\\\/03\\\/b5e068f3-8228-40a9-a35b-a2eb8b259969.webp\",\"width\":1152,\"height\":866},{\"@type\":\"BreadcrumbList\",\"@id\":\"https:\\\/\\\/yatezzitos.com\\\/contacto\\\/#breadcrumb\",\"itemListElement\":[{\"@type\":\"ListItem\",\"position\":1,\"name\":\"Inicio\",\"item\":\"https:\\\/\\\/yatezzitos.com\\\/es\\\/\"},{\"@type\":\"ListItem\",\"position\":2,\"name\":\"Contacto\"}]},{\"@type\":\"WebSite\",\"@id\":\"https:\\\/\\\/yatezzitos.com\\\/#website\",\"url\":\"https:\\\/\\\/yatezzitos.com\\\/\",\"name\":\"Yatezzitos M\u00e9xico\",\"description\":\"Renta de Yates en M\u00e9xico\",\"alternateName\":\"Yatezzitos\",\"potentialAction\":[{\"@type\":\"SearchAction\",\"target\":{\"@type\":\"EntryPoint\",\"urlTemplate\":\"https:\\\/\\\/yatezzitos.com\\\/?s={search_term_string}\"},\"query-input\":{\"@type\":\"PropertyValueSpecification\",\"valueRequired\":true,\"valueName\":\"search_term_string\"}}],\"inLanguage\":\"es\"}]}<\/script>\n<!-- \/ Yoast SEO Premium plugin. -->","yoast_head_json":{"title":"Contacto - Contacta con nosotros - D\u00e9janos ayudarte - Yatezzitos","description":"Si necesitas un contacto directo con uno de nuestros asesores, este es el lugar correcto, te ayudaremos con lo que necesites. \u00a1Cont\u00e1ctanos!.","robots":{"index":"index","follow":"follow","max-snippet":"max-snippet:-1","max-image-preview":"max-image-preview:large","max-video-preview":"max-video-preview:-1"},"canonical":"https:\/\/yatezzitos.com\/es\/contacto\/","og_locale":"es_MX","og_type":"article","og_title":"Contacto","og_description":"Si necesitas un contacto directo con uno de nuestros asesores, este es el lugar correcto, te ayudaremos con lo que necesites. \u00a1Cont\u00e1ctanos!.","og_url":"https:\/\/yatezzitos.com\/es\/contacto\/","og_site_name":"Yatezzitos","article_publisher":"https:\/\/es-la.facebook.com\/Yatezzitos\/","article_modified_time":"2026-03-31T01:49:37+00:00","og_image":[{"width":1152,"height":866,"url":"https:\/\/yatezzitos.com\/wp-content\/uploads\/2020\/03\/b5e068f3-8228-40a9-a35b-a2eb8b259969.webp","type":"image\/webp"}],"twitter_card":"summary_large_image","twitter_site":"@yatezzitos","twitter_misc":{"Tiempo de lectura":"2 minutos"},"schema":{"@context":"https:\/\/schema.org","@graph":[{"@type":"WebPage","@id":"https:\/\/yatezzitos.com\/contacto\/","url":"https:\/\/yatezzitos.com\/contacto\/","name":"Contacto - Contacta con nosotros - D\u00e9janos ayudarte - Yatezzitos","isPartOf":{"@id":"https:\/\/yatezzitos.com\/#website"},"primaryImageOfPage":{"@id":"https:\/\/yatezzitos.com\/contacto\/#primaryimage"},"image":{"@id":"https:\/\/yatezzitos.com\/contacto\/#primaryimage"},"thumbnailUrl":"https:\/\/yatezzitos.com\/wp-content\/uploads\/2020\/03\/b5e068f3-8228-40a9-a35b-a2eb8b259969.webp","datePublished":"2020-03-02T10:27:05+00:00","dateModified":"2026-03-31T01:49:37+00:00","description":"Si necesitas un contacto directo con uno de nuestros asesores, este es el lugar correcto, te ayudaremos con lo que necesites. \u00a1Cont\u00e1ctanos!.","breadcrumb":{"@id":"https:\/\/yatezzitos.com\/contacto\/#breadcrumb"},"inLanguage":"es","potentialAction":[{"@type":"ReadAction","target":["https:\/\/yatezzitos.com\/contacto\/"]}]},{"@type":"ImageObject","inLanguage":"es","@id":"https:\/\/yatezzitos.com\/contacto\/#primaryimage","url":"https:\/\/yatezzitos.com\/wp-content\/uploads\/2020\/03\/b5e068f3-8228-40a9-a35b-a2eb8b259969.webp","contentUrl":"https:\/\/yatezzitos.com\/wp-content\/uploads\/2020\/03\/b5e068f3-8228-40a9-a35b-a2eb8b259969.webp","width":1152,"height":866},{"@type":"BreadcrumbList","@id":"https:\/\/yatezzitos.com\/contacto\/#breadcrumb","itemListElement":[{"@type":"ListItem","position":1,"name":"Inicio","item":"https:\/\/yatezzitos.com\/es\/"},{"@type":"ListItem","position":2,"name":"Contacto"}]},{"@type":"WebSite","@id":"https:\/\/yatezzitos.com\/#website","url":"https:\/\/yatezzitos.com\/","name":"Yatezzitos M\u00e9xico","description":"Renta de Yates en M\u00e9xico","alternateName":"Yatezzitos","potentialAction":[{"@type":"SearchAction","target":{"@type":"EntryPoint","urlTemplate":"https:\/\/yatezzitos.com\/?s={search_term_string}"},"query-input":{"@type":"PropertyValueSpecification","valueRequired":true,"valueName":"search_term_string"}}],"inLanguage":"es"}]}},"_links":{"self":[{"href":"https:\/\/yatezzitos.com\/es\/wp-json\/wp\/v2\/pages\/16941","targetHints":{"allow":["GET"]}}],"collection":[{"href":"https:\/\/yatezzitos.com\/es\/wp-json\/wp\/v2\/pages"}],"about":[{"href":"https:\/\/yatezzitos.com\/es\/wp-json\/wp\/v2\/types\/page"}],"author":[{"embeddable":true,"href":"https:\/\/yatezzitos.com\/es\/wp-json\/wp\/v2\/users\/3"}],"replies":[{"embeddable":true,"href":"https:\/\/yatezzitos.com\/es\/wp-json\/wp\/v2\/comments?post=16941"}],"version-history":[{"count":24,"href":"https:\/\/yatezzitos.com\/es\/wp-json\/wp\/v2\/pages\/16941\/revisions"}],"predecessor-version":[{"id":58147,"href":"https:\/\/yatezzitos.com\/es\/wp-json\/wp\/v2\/pages\/16941\/revisions\/58147"}],"wp:featuredmedia":[{"embeddable":true,"href":"https:\/\/yatezzitos.com\/es\/wp-json\/wp\/v2\/media\/49586"}],"wp:attachment":[{"href":"https:\/\/yatezzitos.com\/es\/wp-json\/wp\/v2\/media?parent=16941"}],"curies":[{"name":"wp","href":"https:\/\/api.w.org\/{rel}","templated":true}]}}