{"id":40351,"date":"2023-12-01T21:46:28","date_gmt":"2023-12-01T21:46:28","guid":{"rendered":"https:\/\/yatezzitos.com\/?page_id=40351"},"modified":"2023-12-06T01:11:31","modified_gmt":"2023-12-06T01:11:31","slug":"feedback","status":"publish","type":"page","link":"https:\/\/yatezzitos.com\/en\/feedback\/","title":{"rendered":"Feedback"},"content":{"rendered":"<div data-elementor-type=\"wp-page\" data-elementor-id=\"40351\" class=\"elementor elementor-40351\" data-elementor-post-type=\"page\">\n\t\t\t\t<div class=\"elementor-element elementor-element-6003f1a e-flex e-con-boxed e-con e-parent\" data-id=\"6003f1a\" data-element_type=\"container\" data-e-type=\"container\" data-settings=\"{&quot;background_background&quot;:&quot;classic&quot;}\">\n\t\t\t\t\t<div class=\"e-con-inner\">\n\t\t<div class=\"elementor-element elementor-element-02f7ec9 e-grid e-con-boxed e-con e-child\" data-id=\"02f7ec9\" data-element_type=\"container\" data-e-type=\"container\">\n\t\t\t\t\t<div class=\"e-con-inner\">\n\t\t<div class=\"elementor-element elementor-element-fba9493 e-flex e-con-boxed e-con e-child\" data-id=\"fba9493\" data-element_type=\"container\" data-e-type=\"container\">\n\t\t\t\t\t<div class=\"e-con-inner\">\n\t\t\t\t\t<\/div>\n\t\t\t\t<\/div>\n\t\t\t\t<div class=\"elementor-element elementor-element-5bce225 elementor-widget elementor-widget-image\" data-id=\"5bce225\" data-element_type=\"widget\" data-e-type=\"widget\" data-widget_type=\"image.default\">\n\t\t\t\t<div class=\"elementor-widget-container\">\n\t\t\t\t\t\t\t\t\t\t\t\t\t\t\t<img decoding=\"async\" width=\"1024\" height=\"768\" src=\"https:\/\/yatezzitos.com\/wp-content\/uploads\/2023\/12\/Feedback-2.svg\" class=\"attachment-large size-large wp-image-40353\" alt=\"\" \/>\t\t\t\t\t\t\t\t\t\t\t\t\t\t\t<\/div>\n\t\t\t\t<\/div>\n\t\t\t\t\t<\/div>\n\t\t\t\t<\/div>\n\t\t\t\t\t<\/div>\n\t\t\t\t<\/div>\n\t\t<div class=\"elementor-element elementor-element-714f114c e-flex e-con-boxed e-con e-parent\" data-id=\"714f114c\" data-element_type=\"container\" data-e-type=\"container\">\n\t\t\t\t\t<div class=\"e-con-inner\">\n\t\t<div class=\"elementor-element elementor-element-29904c10 e-con-full e-flex e-con e-child\" data-id=\"29904c10\" data-element_type=\"container\" data-e-type=\"container\">\n\t\t<div class=\"elementor-element elementor-element-47e6fd94 e-con-full e-flex e-con e-child\" data-id=\"47e6fd94\" data-element_type=\"container\" data-e-type=\"container\">\n\t\t\t\t<div class=\"elementor-element elementor-element-64f916a2 elementor-widget elementor-widget-image\" data-id=\"64f916a2\" data-element_type=\"widget\" data-e-type=\"widget\" data-widget_type=\"image.default\">\n\t\t\t\t<div class=\"elementor-widget-container\">\n\t\t\t\t\t\t\t\t\t\t\t\t\t\t\t<img decoding=\"async\" width=\"1024\" height=\"1024\" src=\"https:\/\/yatezzitos.com\/wp-content\/uploads\/2023\/12\/Renta-de-yates-en-Mazatlan_-Puerto-Vallarta_-Cancun_-Los-Cabos_-La-Paz-14.webp\" class=\"attachment-large size-large wp-image-40378\" alt=\"\" srcset=\"https:\/\/yatezzitos.com\/wp-content\/uploads\/2023\/12\/Renta-de-yates-en-Mazatlan_-Puerto-Vallarta_-Cancun_-Los-Cabos_-La-Paz-14.webp 1080w, https:\/\/yatezzitos.com\/wp-content\/uploads\/2023\/12\/Renta-de-yates-en-Mazatlan_-Puerto-Vallarta_-Cancun_-Los-Cabos_-La-Paz-14-12x12.webp 12w, https:\/\/yatezzitos.com\/wp-content\/uploads\/2023\/12\/Renta-de-yates-en-Mazatlan_-Puerto-Vallarta_-Cancun_-Los-Cabos_-La-Paz-14-360x360.webp 360w, https:\/\/yatezzitos.com\/wp-content\/uploads\/2023\/12\/Renta-de-yates-en-Mazatlan_-Puerto-Vallarta_-Cancun_-Los-Cabos_-La-Paz-14-780x780.webp 780w\" sizes=\"(max-width: 1024px) 100vw, 1024px\" \/>\t\t\t\t\t\t\t\t\t\t\t\t\t\t\t<\/div>\n\t\t\t\t<\/div>\n\t\t\t\t<div class=\"elementor-element elementor-element-40899d72 elementor-widget elementor-widget-image\" data-id=\"40899d72\" data-element_type=\"widget\" data-e-type=\"widget\" data-widget_type=\"image.default\">\n\t\t\t\t<div class=\"elementor-widget-container\">\n\t\t\t\t\t\t\t\t\t\t\t\t\t\t\t<img decoding=\"async\" width=\"1024\" height=\"1024\" src=\"https:\/\/yatezzitos.com\/wp-content\/uploads\/2023\/12\/Renta-de-yates-en-Mazatlan_-Puerto-Vallarta_-Cancun_-Los-Cabos_-La-Paz-12.webp\" class=\"attachment-large size-large wp-image-40376\" alt=\"\" srcset=\"https:\/\/yatezzitos.com\/wp-content\/uploads\/2023\/12\/Renta-de-yates-en-Mazatlan_-Puerto-Vallarta_-Cancun_-Los-Cabos_-La-Paz-12.webp 1080w, https:\/\/yatezzitos.com\/wp-content\/uploads\/2023\/12\/Renta-de-yates-en-Mazatlan_-Puerto-Vallarta_-Cancun_-Los-Cabos_-La-Paz-12-12x12.webp 12w, https:\/\/yatezzitos.com\/wp-content\/uploads\/2023\/12\/Renta-de-yates-en-Mazatlan_-Puerto-Vallarta_-Cancun_-Los-Cabos_-La-Paz-12-360x360.webp 360w, https:\/\/yatezzitos.com\/wp-content\/uploads\/2023\/12\/Renta-de-yates-en-Mazatlan_-Puerto-Vallarta_-Cancun_-Los-Cabos_-La-Paz-12-780x780.webp 780w\" sizes=\"(max-width: 1024px) 100vw, 1024px\" \/>\t\t\t\t\t\t\t\t\t\t\t\t\t\t\t<\/div>\n\t\t\t\t<\/div>\n\t\t\t\t<\/div>\n\t\t<div class=\"elementor-element elementor-element-72ce8c6 e-con-full e-flex e-con e-child\" data-id=\"72ce8c6\" data-element_type=\"container\" data-e-type=\"container\">\n\t\t\t\t<div class=\"elementor-element elementor-element-47b9774d elementor-widget elementor-widget-image\" data-id=\"47b9774d\" data-element_type=\"widget\" data-e-type=\"widget\" data-widget_type=\"image.default\">\n\t\t\t\t<div class=\"elementor-widget-container\">\n\t\t\t\t\t\t\t\t\t\t\t\t\t\t\t<img decoding=\"async\" width=\"1024\" height=\"1024\" src=\"https:\/\/yatezzitos.com\/wp-content\/uploads\/2023\/12\/Renta-de-yates-en-Mazatlan_-Puerto-Vallarta_-Cancun_-Los-Cabos_-La-Paz-10.webp\" class=\"attachment-large size-large wp-image-40374\" alt=\"\" srcset=\"https:\/\/yatezzitos.com\/wp-content\/uploads\/2023\/12\/Renta-de-yates-en-Mazatlan_-Puerto-Vallarta_-Cancun_-Los-Cabos_-La-Paz-10.webp 1080w, https:\/\/yatezzitos.com\/wp-content\/uploads\/2023\/12\/Renta-de-yates-en-Mazatlan_-Puerto-Vallarta_-Cancun_-Los-Cabos_-La-Paz-10-12x12.webp 12w, https:\/\/yatezzitos.com\/wp-content\/uploads\/2023\/12\/Renta-de-yates-en-Mazatlan_-Puerto-Vallarta_-Cancun_-Los-Cabos_-La-Paz-10-360x360.webp 360w, https:\/\/yatezzitos.com\/wp-content\/uploads\/2023\/12\/Renta-de-yates-en-Mazatlan_-Puerto-Vallarta_-Cancun_-Los-Cabos_-La-Paz-10-780x780.webp 780w\" sizes=\"(max-width: 1024px) 100vw, 1024px\" \/>\t\t\t\t\t\t\t\t\t\t\t\t\t\t\t<\/div>\n\t\t\t\t<\/div>\n\t\t\t\t<div class=\"elementor-element elementor-element-55d9fa1b elementor-widget elementor-widget-image\" data-id=\"55d9fa1b\" data-element_type=\"widget\" data-e-type=\"widget\" data-widget_type=\"image.default\">\n\t\t\t\t<div class=\"elementor-widget-container\">\n\t\t\t\t\t\t\t\t\t\t\t\t\t\t\t<img decoding=\"async\" width=\"1024\" height=\"1024\" src=\"https:\/\/yatezzitos.com\/wp-content\/uploads\/2023\/12\/Renta-de-yates-en-Mazatlan_-Puerto-Vallarta_-Cancun_-Los-Cabos_-La-Paz.webp\" class=\"attachment-large size-large wp-image-40381\" alt=\"\" srcset=\"https:\/\/yatezzitos.com\/wp-content\/uploads\/2023\/12\/Renta-de-yates-en-Mazatlan_-Puerto-Vallarta_-Cancun_-Los-Cabos_-La-Paz.webp 1080w, https:\/\/yatezzitos.com\/wp-content\/uploads\/2023\/12\/Renta-de-yates-en-Mazatlan_-Puerto-Vallarta_-Cancun_-Los-Cabos_-La-Paz-12x12.webp 12w, https:\/\/yatezzitos.com\/wp-content\/uploads\/2023\/12\/Renta-de-yates-en-Mazatlan_-Puerto-Vallarta_-Cancun_-Los-Cabos_-La-Paz-360x360.webp 360w, https:\/\/yatezzitos.com\/wp-content\/uploads\/2023\/12\/Renta-de-yates-en-Mazatlan_-Puerto-Vallarta_-Cancun_-Los-Cabos_-La-Paz-780x780.webp 780w\" sizes=\"(max-width: 1024px) 100vw, 1024px\" \/>\t\t\t\t\t\t\t\t\t\t\t\t\t\t\t<\/div>\n\t\t\t\t<\/div>\n\t\t\t\t<\/div>\n\t\t\t\t<\/div>\n\t\t<div class=\"elementor-element elementor-element-25cf5afe e-con-full e-flex e-con e-child\" data-id=\"25cf5afe\" data-element_type=\"container\" data-e-type=\"container\">\n\t\t\t\t<div class=\"elementor-element elementor-element-30165bfa elementor-widget elementor-widget-heading\" data-id=\"30165bfa\" data-element_type=\"widget\" data-e-type=\"widget\" data-widget_type=\"heading.default\">\n\t\t\t\t<div class=\"elementor-widget-container\">\n\t\t\t\t\t<h1 class=\"elementor-heading-title elementor-size-default\">We love<br>create unforgettable experiences.<\/h1>\t\t\t\t<\/div>\n\t\t\t\t<\/div>\n\t\t\t\t<div class=\"elementor-element elementor-element-108d792b elementor-widget elementor-widget-text-editor\" data-id=\"108d792b\" data-element_type=\"widget\" data-e-type=\"widget\" data-widget_type=\"text-editor.default\">\n\t\t\t\t<div class=\"elementor-widget-container\">\n\t\t\t\t\t\t\t\t\t<p>Tell us how your adventure was and help us improve.<\/p>\t\t\t\t\t\t\t\t<\/div>\n\t\t\t\t<\/div>\n\t\t\t\t<\/div>\n\t\t\t\t\t<\/div>\n\t\t\t\t<\/div>\n\t\t<div class=\"elementor-element elementor-element-64f76ca e-flex e-con-boxed e-con e-parent\" data-id=\"64f76ca\" data-element_type=\"container\" data-e-type=\"container\" data-settings=\"{&quot;background_background&quot;:&quot;classic&quot;}\">\n\t\t\t\t\t<div class=\"e-con-inner\">\n\t\t<div class=\"elementor-element elementor-element-5e788ee e-grid e-con-boxed e-con e-child\" data-id=\"5e788ee\" data-element_type=\"container\" data-e-type=\"container\">\n\t\t\t\t\t<div class=\"e-con-inner\">\n\t\t<div class=\"elementor-element elementor-element-9a662d4 e-flex e-con-boxed e-con e-child\" data-id=\"9a662d4\" data-element_type=\"container\" data-e-type=\"container\">\n\t\t\t\t\t<div class=\"e-con-inner\">\n\t\t\t\t<div class=\"elementor-element elementor-element-54b1f03 elementor-widget elementor-widget-text-editor\" data-id=\"54b1f03\" data-element_type=\"widget\" data-e-type=\"widget\" data-widget_type=\"text-editor.default\">\n\t\t\t\t<div class=\"elementor-widget-container\">\n\t\t\t\t\t\t\t\t\t<p>Share your best content and enter to win a free trip.\u00a0<\/p>\t\t\t\t\t\t\t\t<\/div>\n\t\t\t\t<\/div>\n\t\t\t\t\t<\/div>\n\t\t\t\t<\/div>\n\t\t\t\t<div class=\"elementor-element elementor-element-bc75053 elementor-widget elementor-widget-image\" data-id=\"bc75053\" data-element_type=\"widget\" data-e-type=\"widget\" data-widget_type=\"image.default\">\n\t\t\t\t<div class=\"elementor-widget-container\">\n\t\t\t\t\t\t\t\t\t\t\t\t\t\t\t<img decoding=\"async\" width=\"1024\" height=\"683\" src=\"https:\/\/yatezzitos.com\/wp-content\/uploads\/2023\/12\/Sailing.png\" class=\"attachment-large size-large wp-image-40382\" alt=\"\" srcset=\"https:\/\/yatezzitos.com\/wp-content\/uploads\/2023\/12\/Sailing.png 2501w, https:\/\/yatezzitos.com\/wp-content\/uploads\/2023\/12\/Sailing-1536x1024.png 1536w, https:\/\/yatezzitos.com\/wp-content\/uploads\/2023\/12\/Sailing-2048x1366.png 2048w, https:\/\/yatezzitos.com\/wp-content\/uploads\/2023\/12\/Sailing-18x12.png 18w, https:\/\/yatezzitos.com\/wp-content\/uploads\/2023\/12\/Sailing-360x240.png 360w\" sizes=\"(max-width: 1024px) 100vw, 1024px\" \/>\t\t\t\t\t\t\t\t\t\t\t\t\t\t\t<\/div>\n\t\t\t\t<\/div>\n\t\t\t\t\t<\/div>\n\t\t\t\t<\/div>\n\t\t\t\t\t<\/div>\n\t\t\t\t<\/div>\n\t\t<div class=\"elementor-element elementor-element-36bfb0d4 e-flex e-con-boxed e-con e-parent\" data-id=\"36bfb0d4\" data-element_type=\"container\" data-e-type=\"container\">\n\t\t\t\t\t<div class=\"e-con-inner\">\n\t\t\t\t<div class=\"elementor-element elementor-element-5d3b64af elementor-widget elementor-widget-heading\" data-id=\"5d3b64af\" data-element_type=\"widget\" data-e-type=\"widget\" data-widget_type=\"heading.default\">\n\t\t\t\t<div class=\"elementor-widget-container\">\n\t\t\t\t\t<h3 class=\"elementor-heading-title elementor-size-default\">Leave a mark on our waters: Your opinion matters.<\/h3>\t\t\t\t<\/div>\n\t\t\t\t<\/div>\n\t\t\t\t<div class=\"elementor-element elementor-element-686657a1 elementor-widget elementor-widget-text-editor\" data-id=\"686657a1\" data-element_type=\"widget\" data-e-type=\"widget\" data-widget_type=\"text-editor.default\">\n\t\t\t\t<div class=\"elementor-widget-container\">\n\t\t\t\t\t\t\t\t\t<p>Tell us what you loved and what we can improve to make your next adventure even more spectacular.<\/p>\t\t\t\t\t\t\t\t<\/div>\n\t\t\t\t<\/div>\n\t\t\t\t\t<\/div>\n\t\t\t\t<\/div>\n\t\t\t\t<\/div>","protected":false},"excerpt":{"rendered":"<p>Tu opini\u00f3n es nuestra motivaci\u00f3n. \u00a1Ayudanos a mejorar! Comparte tu Experiencia Nos encantacrear experiencias inolvidables. Cu\u00e9ntanos c\u00f3mo fue tu aventura y ay\u00fadanos a mejorar. Comparte tu Aventura \u00bfCapturaste Momentos magicos? Comparte tu mejor contenido y participa para ganar un viaje gratis.\u00a0 Sube tus momentos m\u00e1gicos Deja huella en nuestras aguas: Tu opini\u00f3n cuenta. Dinos lo [&hellip;]<\/p>\n","protected":false},"author":3,"featured_media":0,"parent":0,"menu_order":0,"comment_status":"closed","ping_status":"closed","template":"template\/template-homepage.php","meta":{"_yoast_wpseo_focuskw":"","_yoast_wpseo_title":"","_yoast_wpseo_metadesc":"","footnotes":""},"class_list":["post-40351","page","type-page","status-publish","hentry"],"yoast_head":"<!-- This site is optimized with the Yoast SEO Premium plugin v27.2 (Yoast SEO v27.3) - https:\/\/yoast.com\/product\/yoast-seo-premium-wordpress\/ -->\n<title>Feedback - Yatezzitos<\/title>\n<meta name=\"robots\" content=\"index, follow, max-snippet:-1, max-image-preview:large, max-video-preview:-1\" \/>\n<link rel=\"canonical\" href=\"https:\/\/yatezzitos.com\/en\/feedback\/\" \/>\n<meta property=\"og:locale\" content=\"en_US\" \/>\n<meta property=\"og:type\" content=\"article\" \/>\n<meta property=\"og:title\" content=\"Feedback\" \/>\n<meta property=\"og:description\" content=\"Tu opini\u00f3n es nuestra motivaci\u00f3n. \u00a1Ayudanos a mejorar! Comparte tu Experiencia Nos encantacrear experiencias inolvidables. Cu\u00e9ntanos c\u00f3mo fue tu aventura y ay\u00fadanos a mejorar. Comparte tu Aventura \u00bfCapturaste Momentos magicos? Comparte tu mejor contenido y participa para ganar un viaje gratis.\u00a0 Sube tus momentos m\u00e1gicos Deja huella en nuestras aguas: Tu opini\u00f3n cuenta. Dinos lo [&hellip;]\" \/>\n<meta property=\"og:url\" content=\"https:\/\/yatezzitos.com\/en\/feedback\/\" \/>\n<meta property=\"og:site_name\" content=\"Yatezzitos\" \/>\n<meta property=\"article:publisher\" content=\"https:\/\/es-la.facebook.com\/Yatezzitos\/\" \/>\n<meta property=\"article:modified_time\" content=\"2023-12-06T01:11:31+00:00\" \/>\n<meta property=\"og:image\" content=\"https:\/\/yatezzitos.com\/wp-content\/uploads\/2023\/12\/Feedback-2.svg\" \/>\n<meta name=\"twitter:card\" content=\"summary_large_image\" \/>\n<meta name=\"twitter:site\" content=\"@yatezzitos\" \/>\n<meta name=\"twitter:label1\" content=\"Est. reading time\" \/>\n\t<meta name=\"twitter:data1\" content=\"2 minutes\" \/>\n<script type=\"application\/ld+json\" class=\"yoast-schema-graph\">{\"@context\":\"https:\\\/\\\/schema.org\",\"@graph\":[{\"@type\":\"WebPage\",\"@id\":\"https:\\\/\\\/yatezzitos.com\\\/feedback\\\/\",\"url\":\"https:\\\/\\\/yatezzitos.com\\\/feedback\\\/\",\"name\":\"Feedback - Yatezzitos\",\"isPartOf\":{\"@id\":\"https:\\\/\\\/yatezzitos.com\\\/#website\"},\"primaryImageOfPage\":{\"@id\":\"https:\\\/\\\/yatezzitos.com\\\/feedback\\\/#primaryimage\"},\"image\":{\"@id\":\"https:\\\/\\\/yatezzitos.com\\\/feedback\\\/#primaryimage\"},\"thumbnailUrl\":\"https:\\\/\\\/yatezzitos.com\\\/wp-content\\\/uploads\\\/2023\\\/12\\\/Feedback-2.svg\",\"datePublished\":\"2023-12-01T21:46:28+00:00\",\"dateModified\":\"2023-12-06T01:11:31+00:00\",\"breadcrumb\":{\"@id\":\"https:\\\/\\\/yatezzitos.com\\\/feedback\\\/#breadcrumb\"},\"inLanguage\":\"en-US\",\"potentialAction\":[{\"@type\":\"ReadAction\",\"target\":[\"https:\\\/\\\/yatezzitos.com\\\/feedback\\\/\"]}]},{\"@type\":\"ImageObject\",\"inLanguage\":\"en-US\",\"@id\":\"https:\\\/\\\/yatezzitos.com\\\/feedback\\\/#primaryimage\",\"url\":\"https:\\\/\\\/yatezzitos.com\\\/wp-content\\\/uploads\\\/2023\\\/12\\\/Feedback-2.svg\",\"contentUrl\":\"https:\\\/\\\/yatezzitos.com\\\/wp-content\\\/uploads\\\/2023\\\/12\\\/Feedback-2.svg\"},{\"@type\":\"BreadcrumbList\",\"@id\":\"https:\\\/\\\/yatezzitos.com\\\/feedback\\\/#breadcrumb\",\"itemListElement\":[{\"@type\":\"ListItem\",\"position\":1,\"name\":\"Inicio\",\"item\":\"https:\\\/\\\/yatezzitos.com\\\/es\\\/\"},{\"@type\":\"ListItem\",\"position\":2,\"name\":\"Feedback\"}]},{\"@type\":\"WebSite\",\"@id\":\"https:\\\/\\\/yatezzitos.com\\\/#website\",\"url\":\"https:\\\/\\\/yatezzitos.com\\\/\",\"name\":\"Yatezzitos M\u00e9xico\",\"description\":\"Renta de Yates en M\u00e9xico\",\"alternateName\":\"Yatezzitos\",\"potentialAction\":[{\"@type\":\"SearchAction\",\"target\":{\"@type\":\"EntryPoint\",\"urlTemplate\":\"https:\\\/\\\/yatezzitos.com\\\/?s={search_term_string}\"},\"query-input\":{\"@type\":\"PropertyValueSpecification\",\"valueRequired\":true,\"valueName\":\"search_term_string\"}}],\"inLanguage\":\"en-US\"}]}<\/script>\n<!-- \/ Yoast SEO Premium plugin. -->","yoast_head_json":{"title":"Feedback - Yatezzitos","robots":{"index":"index","follow":"follow","max-snippet":"max-snippet:-1","max-image-preview":"max-image-preview:large","max-video-preview":"max-video-preview:-1"},"canonical":"https:\/\/yatezzitos.com\/en\/feedback\/","og_locale":"en_US","og_type":"article","og_title":"Feedback","og_description":"Tu opini\u00f3n es nuestra motivaci\u00f3n. \u00a1Ayudanos a mejorar! Comparte tu Experiencia Nos encantacrear experiencias inolvidables. Cu\u00e9ntanos c\u00f3mo fue tu aventura y ay\u00fadanos a mejorar. Comparte tu Aventura \u00bfCapturaste Momentos magicos? Comparte tu mejor contenido y participa para ganar un viaje gratis.\u00a0 Sube tus momentos m\u00e1gicos Deja huella en nuestras aguas: Tu opini\u00f3n cuenta. Dinos lo [&hellip;]","og_url":"https:\/\/yatezzitos.com\/en\/feedback\/","og_site_name":"Yatezzitos","article_publisher":"https:\/\/es-la.facebook.com\/Yatezzitos\/","article_modified_time":"2023-12-06T01:11:31+00:00","og_image":[{"url":"https:\/\/yatezzitos.com\/wp-content\/uploads\/2023\/12\/Feedback-2.svg","type":"","width":"","height":""}],"twitter_card":"summary_large_image","twitter_site":"@yatezzitos","twitter_misc":{"Est. reading time":"2 minutes"},"schema":{"@context":"https:\/\/schema.org","@graph":[{"@type":"WebPage","@id":"https:\/\/yatezzitos.com\/feedback\/","url":"https:\/\/yatezzitos.com\/feedback\/","name":"Feedback - Yatezzitos","isPartOf":{"@id":"https:\/\/yatezzitos.com\/#website"},"primaryImageOfPage":{"@id":"https:\/\/yatezzitos.com\/feedback\/#primaryimage"},"image":{"@id":"https:\/\/yatezzitos.com\/feedback\/#primaryimage"},"thumbnailUrl":"https:\/\/yatezzitos.com\/wp-content\/uploads\/2023\/12\/Feedback-2.svg","datePublished":"2023-12-01T21:46:28+00:00","dateModified":"2023-12-06T01:11:31+00:00","breadcrumb":{"@id":"https:\/\/yatezzitos.com\/feedback\/#breadcrumb"},"inLanguage":"en-US","potentialAction":[{"@type":"ReadAction","target":["https:\/\/yatezzitos.com\/feedback\/"]}]},{"@type":"ImageObject","inLanguage":"en-US","@id":"https:\/\/yatezzitos.com\/feedback\/#primaryimage","url":"https:\/\/yatezzitos.com\/wp-content\/uploads\/2023\/12\/Feedback-2.svg","contentUrl":"https:\/\/yatezzitos.com\/wp-content\/uploads\/2023\/12\/Feedback-2.svg"},{"@type":"BreadcrumbList","@id":"https:\/\/yatezzitos.com\/feedback\/#breadcrumb","itemListElement":[{"@type":"ListItem","position":1,"name":"Inicio","item":"https:\/\/yatezzitos.com\/es\/"},{"@type":"ListItem","position":2,"name":"Feedback"}]},{"@type":"WebSite","@id":"https:\/\/yatezzitos.com\/#website","url":"https:\/\/yatezzitos.com\/","name":"Yatezzitos Mexico","description":"Yacht Charter in Mexico","alternateName":"Yatezzitos","potentialAction":[{"@type":"SearchAction","target":{"@type":"EntryPoint","urlTemplate":"https:\/\/yatezzitos.com\/?s={search_term_string}"},"query-input":{"@type":"PropertyValueSpecification","valueRequired":true,"valueName":"search_term_string"}}],"inLanguage":"en-US"}]}},"_links":{"self":[{"href":"https:\/\/yatezzitos.com\/en\/wp-json\/wp\/v2\/pages\/40351","targetHints":{"allow":["GET"]}}],"collection":[{"href":"https:\/\/yatezzitos.com\/en\/wp-json\/wp\/v2\/pages"}],"about":[{"href":"https:\/\/yatezzitos.com\/en\/wp-json\/wp\/v2\/types\/page"}],"author":[{"embeddable":true,"href":"https:\/\/yatezzitos.com\/en\/wp-json\/wp\/v2\/users\/3"}],"replies":[{"embeddable":true,"href":"https:\/\/yatezzitos.com\/en\/wp-json\/wp\/v2\/comments?post=40351"}],"version-history":[{"count":0,"href":"https:\/\/yatezzitos.com\/en\/wp-json\/wp\/v2\/pages\/40351\/revisions"}],"wp:attachment":[{"href":"https:\/\/yatezzitos.com\/en\/wp-json\/wp\/v2\/media?parent=40351"}],"curies":[{"name":"wp","href":"https:\/\/api.w.org\/{rel}","templated":true}]}}