{"id":21465,"date":"2022-07-30T00:53:10","date_gmt":"2022-07-30T00:53:10","guid":{"rendered":"https:\/\/yatezzitos.com\/?page_id=21465"},"modified":"2024-09-14T20:17:34","modified_gmt":"2024-09-14T20:17:34","slug":"privacidad","status":"publish","type":"page","link":"https:\/\/yatezzitos.com\/en\/privacidad\/","title":{"rendered":"privacy agreement"},"content":{"rendered":"<div data-elementor-type=\"wp-page\" data-elementor-id=\"21465\" class=\"elementor elementor-21465\" data-elementor-post-type=\"page\">\n\t\t\t\t\t\t<section class=\"elementor-section elementor-top-section elementor-element elementor-element-51263e7 elementor-section-boxed elementor-section-height-default elementor-section-height-default\" data-id=\"51263e7\" data-element_type=\"section\" data-e-type=\"section\">\n\t\t\t\t\t\t<div class=\"elementor-container elementor-column-gap-default\">\n\t\t\t\t\t<div class=\"elementor-column elementor-col-100 elementor-top-column elementor-element elementor-element-acd1723\" data-id=\"acd1723\" data-element_type=\"column\" data-e-type=\"column\">\n\t\t\t<div class=\"elementor-widget-wrap elementor-element-populated\">\n\t\t\t\t\t\t<div class=\"elementor-element elementor-element-2349fa5 elementor-widget elementor-widget-text-editor\" data-id=\"2349fa5\" data-element_type=\"widget\" data-e-type=\"widget\" data-widget_type=\"text-editor.default\">\n\t\t\t\t<div class=\"elementor-widget-container\">\n\t\t\t\t\t\t\t\t\t<h1><strong>YATEZZITOS M\u00c9XICO\u00ae COMPREHENSIVE PRIVACY NOTICE<\/strong><\/h1><p><strong>Introduction:<\/strong> <strong>Yatezzitos M\u00e9xico\u00ae<\/strong> is committed to protecting the privacy and security of the personal data of our clients and users. This Privacy Notice explains how we collect, use, disclose and protect your personal information. By accessing our services, you acknowledge and accept the practices described herein.<\/p><p><strong>Collection of Personal Data:<\/strong> We collect information that allows us to offer you our yacht charter services efficiently. This includes, but is not limited to:<\/p><ul><li><strong>Identification and Contact Data:<\/strong> Name, email address, telephone number, postal address.<\/li><li><strong>Financial and Billing Data:<\/strong> Credit card information, bank details, RFC for payment processing and billing.<\/li><li><strong>Personal preferences:<\/strong> Information about travel preferences, special needs during the rental, and any other information that allows us to personalize your experience.<\/li><\/ul><p><strong>Purposes of Treatment:<\/strong> In addition to the purposes already mentioned, we use your information to:<\/p><ul><li><strong>Improve Our Services:<\/strong> Analyze how our clients use our services to introduce improvements and new features.<\/li><li><strong>Marketing and Promotions:<\/strong> Inform you about special offers, new products and other promotions that we believe will be of interest to you.<\/li><li><strong>Security and Fraud Prevention:<\/strong> Implement measures to protect our customers and services against fraud and misuse.<\/li><\/ul><p><strong>Consent:<\/strong> Your consent to the processing of your personal data is explicitly granted by accepting this Privacy Notice. You have the right to withdraw your consent at any time, however this may affect our ability to provide you with certain services.<\/p><p><strong>Owner&#039;s Rights:<\/strong> You have the right to know what personal data we have about you, what we use it for, the conditions of use we give it (Access). Likewise, it is your right to request the correction of your personal information if it is outdated, inaccurate or incomplete (Rectification); that we delete it from our records or databases when we consider that it is not being used appropriately (Cancellation); as well as oppose the use of your personal data for specific purposes (Opposition).<\/p><p><strong>Personal data protection:<\/strong> We implement physical, technical and administrative security measures to protect your personal data. These measures seek to prevent unauthorized access, disclosure, alteration and destruction of your information.<\/p><p><strong>Data Transfer:<\/strong> We do not transfer or share your personal data with third parties, unless it is strictly necessary to comply with legal or regulatory obligations. Your information will be treated exclusively by our company and will not be disclosed to partners, suppliers or third parties without your explicit consent. We are committed to ensuring the security and confidentiality of your data at all times, keeping them under the same levels of protection that we apply internally.<\/p><p><strong>Changes to the Privacy Notice:<\/strong> <strong>Yatezzitos M\u00e9xico\u00ae<\/strong> reserves the right to modify this Privacy Notice to adapt to legislative, jurisprudential changes, internal policies or new requirements for the provision or offering of our services. These modifications will be available through our usual communication channels.<\/p><p><strong>Contact:<\/strong> For any questions or requests regarding this Privacy Notice, please contact us through <strong><a target=\"_new\">contacto@yatezzitos.com<\/a><\/strong> or visit our home at <strong>Manglar Street #3235, Prados del Sol Fractionation, Zip: #82124<\/strong>.<\/p>\t\t\t\t\t\t\t\t<\/div>\n\t\t\t\t<\/div>\n\t\t\t\t\t<\/div>\n\t\t<\/div>\n\t\t\t\t\t<\/div>\n\t\t<\/section>\n\t\t\t\t<\/div>","protected":false},"excerpt":{"rendered":"<p>AVISO DE PRIVACIDAD INTEGRAL DE YATEZZITOS M\u00c9XICO\u00ae Introducci\u00f3n: Yatezzitos M\u00e9xico\u00ae se compromete a proteger la privacidad y la seguridad de los datos personales de nuestros clientes y usuarios. Este Aviso de Privacidad explica c\u00f3mo recopilamos, usamos, divulgamos y protegemos su informaci\u00f3n personal. Al acceder a nuestros servicios, usted reconoce y acepta las pr\u00e1cticas descritas en [&hellip;]<\/p>\n","protected":false},"author":3,"featured_media":0,"parent":0,"menu_order":0,"comment_status":"closed","ping_status":"closed","template":"elementor_header_footer","meta":{"_yoast_wpseo_focuskw":"","_yoast_wpseo_title":"","_yoast_wpseo_metadesc":"","footnotes":""},"class_list":["post-21465","page","type-page","status-publish","hentry"],"yoast_head":"<!-- This site is optimized with the Yoast SEO Premium plugin v27.2 (Yoast SEO v27.4) - https:\/\/yoast.com\/product\/yoast-seo-premium-wordpress\/ -->\n<title>Acuerdo de privacidad - Yatezzitos<\/title>\n<meta name=\"robots\" content=\"index, follow, max-snippet:-1, max-image-preview:large, max-video-preview:-1\" \/>\n<link rel=\"canonical\" href=\"https:\/\/yatezzitos.com\/en\/privacidad\/\" \/>\n<meta property=\"og:locale\" content=\"en_US\" \/>\n<meta property=\"og:type\" content=\"article\" \/>\n<meta property=\"og:title\" content=\"Acuerdo de privacidad\" \/>\n<meta property=\"og:description\" content=\"AVISO DE PRIVACIDAD INTEGRAL DE YATEZZITOS M\u00c9XICO\u00ae Introducci\u00f3n: Yatezzitos M\u00e9xico\u00ae se compromete a proteger la privacidad y la seguridad de los datos personales de nuestros clientes y usuarios. Este Aviso de Privacidad explica c\u00f3mo recopilamos, usamos, divulgamos y protegemos su informaci\u00f3n personal. Al acceder a nuestros servicios, usted reconoce y acepta las pr\u00e1cticas descritas en [&hellip;]\" \/>\n<meta property=\"og:url\" content=\"https:\/\/yatezzitos.com\/en\/privacidad\/\" \/>\n<meta property=\"og:site_name\" content=\"Yatezzitos\" \/>\n<meta property=\"article:publisher\" content=\"https:\/\/es-la.facebook.com\/Yatezzitos\/\" \/>\n<meta property=\"article:modified_time\" content=\"2024-09-14T20:17:34+00:00\" \/>\n<meta name=\"twitter:card\" content=\"summary_large_image\" \/>\n<meta name=\"twitter:site\" content=\"@yatezzitos\" \/>\n<meta name=\"twitter:label1\" content=\"Est. reading time\" \/>\n\t<meta name=\"twitter:data1\" content=\"3 minutes\" \/>\n<script type=\"application\/ld+json\" class=\"yoast-schema-graph\">{\"@context\":\"https:\\\/\\\/schema.org\",\"@graph\":[{\"@type\":\"WebPage\",\"@id\":\"https:\\\/\\\/yatezzitos.com\\\/privacidad\\\/\",\"url\":\"https:\\\/\\\/yatezzitos.com\\\/privacidad\\\/\",\"name\":\"Acuerdo de privacidad - Yatezzitos\",\"isPartOf\":{\"@id\":\"https:\\\/\\\/yatezzitos.com\\\/#website\"},\"datePublished\":\"2022-07-30T00:53:10+00:00\",\"dateModified\":\"2024-09-14T20:17:34+00:00\",\"breadcrumb\":{\"@id\":\"https:\\\/\\\/yatezzitos.com\\\/privacidad\\\/#breadcrumb\"},\"inLanguage\":\"en-US\",\"potentialAction\":[{\"@type\":\"ReadAction\",\"target\":[\"https:\\\/\\\/yatezzitos.com\\\/privacidad\\\/\"]}]},{\"@type\":\"BreadcrumbList\",\"@id\":\"https:\\\/\\\/yatezzitos.com\\\/privacidad\\\/#breadcrumb\",\"itemListElement\":[{\"@type\":\"ListItem\",\"position\":1,\"name\":\"Inicio\",\"item\":\"https:\\\/\\\/yatezzitos.com\\\/es\\\/\"},{\"@type\":\"ListItem\",\"position\":2,\"name\":\"Acuerdo de privacidad\"}]},{\"@type\":\"WebSite\",\"@id\":\"https:\\\/\\\/yatezzitos.com\\\/#website\",\"url\":\"https:\\\/\\\/yatezzitos.com\\\/\",\"name\":\"Yatezzitos M\u00e9xico\",\"description\":\"Renta de Yates en M\u00e9xico\",\"alternateName\":\"Yatezzitos\",\"potentialAction\":[{\"@type\":\"SearchAction\",\"target\":{\"@type\":\"EntryPoint\",\"urlTemplate\":\"https:\\\/\\\/yatezzitos.com\\\/?s={search_term_string}\"},\"query-input\":{\"@type\":\"PropertyValueSpecification\",\"valueRequired\":true,\"valueName\":\"search_term_string\"}}],\"inLanguage\":\"en-US\"}]}<\/script>\n<!-- \/ Yoast SEO Premium plugin. -->","yoast_head_json":{"title":"Privacy Agreement - Yatezzitos","robots":{"index":"index","follow":"follow","max-snippet":"max-snippet:-1","max-image-preview":"max-image-preview:large","max-video-preview":"max-video-preview:-1"},"canonical":"https:\/\/yatezzitos.com\/en\/privacidad\/","og_locale":"en_US","og_type":"article","og_title":"Acuerdo de privacidad","og_description":"AVISO DE PRIVACIDAD INTEGRAL DE YATEZZITOS M\u00c9XICO\u00ae Introducci\u00f3n: Yatezzitos M\u00e9xico\u00ae se compromete a proteger la privacidad y la seguridad de los datos personales de nuestros clientes y usuarios. Este Aviso de Privacidad explica c\u00f3mo recopilamos, usamos, divulgamos y protegemos su informaci\u00f3n personal. Al acceder a nuestros servicios, usted reconoce y acepta las pr\u00e1cticas descritas en [&hellip;]","og_url":"https:\/\/yatezzitos.com\/en\/privacidad\/","og_site_name":"Yatezzitos","article_publisher":"https:\/\/es-la.facebook.com\/Yatezzitos\/","article_modified_time":"2024-09-14T20:17:34+00:00","twitter_card":"summary_large_image","twitter_site":"@yatezzitos","twitter_misc":{"Est. reading time":"3 minutes"},"schema":{"@context":"https:\/\/schema.org","@graph":[{"@type":"WebPage","@id":"https:\/\/yatezzitos.com\/privacidad\/","url":"https:\/\/yatezzitos.com\/privacidad\/","name":"Privacy Agreement - Yatezzitos","isPartOf":{"@id":"https:\/\/yatezzitos.com\/#website"},"datePublished":"2022-07-30T00:53:10+00:00","dateModified":"2024-09-14T20:17:34+00:00","breadcrumb":{"@id":"https:\/\/yatezzitos.com\/privacidad\/#breadcrumb"},"inLanguage":"en-US","potentialAction":[{"@type":"ReadAction","target":["https:\/\/yatezzitos.com\/privacidad\/"]}]},{"@type":"BreadcrumbList","@id":"https:\/\/yatezzitos.com\/privacidad\/#breadcrumb","itemListElement":[{"@type":"ListItem","position":1,"name":"Inicio","item":"https:\/\/yatezzitos.com\/es\/"},{"@type":"ListItem","position":2,"name":"Acuerdo de privacidad"}]},{"@type":"WebSite","@id":"https:\/\/yatezzitos.com\/#website","url":"https:\/\/yatezzitos.com\/","name":"Yatezzitos Mexico","description":"Yacht Charter in Mexico","alternateName":"Yatezzitos","potentialAction":[{"@type":"SearchAction","target":{"@type":"EntryPoint","urlTemplate":"https:\/\/yatezzitos.com\/?s={search_term_string}"},"query-input":{"@type":"PropertyValueSpecification","valueRequired":true,"valueName":"search_term_string"}}],"inLanguage":"en-US"}]}},"_links":{"self":[{"href":"https:\/\/yatezzitos.com\/en\/wp-json\/wp\/v2\/pages\/21465","targetHints":{"allow":["GET"]}}],"collection":[{"href":"https:\/\/yatezzitos.com\/en\/wp-json\/wp\/v2\/pages"}],"about":[{"href":"https:\/\/yatezzitos.com\/en\/wp-json\/wp\/v2\/types\/page"}],"author":[{"embeddable":true,"href":"https:\/\/yatezzitos.com\/en\/wp-json\/wp\/v2\/users\/3"}],"replies":[{"embeddable":true,"href":"https:\/\/yatezzitos.com\/en\/wp-json\/wp\/v2\/comments?post=21465"}],"version-history":[{"count":0,"href":"https:\/\/yatezzitos.com\/en\/wp-json\/wp\/v2\/pages\/21465\/revisions"}],"wp:attachment":[{"href":"https:\/\/yatezzitos.com\/en\/wp-json\/wp\/v2\/media?parent=21465"}],"curies":[{"name":"wp","href":"https:\/\/api.w.org\/{rel}","templated":true}]}}